{"id":654,"date":"2016-08-10T13:11:47","date_gmt":"2016-08-10T11:11:47","guid":{"rendered":"https:\/\/teneg.pl\/?page_id=654"},"modified":"2025-03-05T14:29:31","modified_gmt":"2025-03-05T13:29:31","slug":"kontakt","status":"publish","type":"page","link":"https:\/\/teneg.pl\/its\/kontakt\/","title":{"rendered":"Kontakt"},"content":{"rendered":"<p><div class=\"fusion-fullwidth fullwidth-box fusion-builder-row-1 fusion-flex-container has-pattern-background has-mask-background fusion-parallax-none baner_tyt nonhundred-percent-fullwidth non-hundred-percent-height-scrolling\" style=\"--awb-border-radius-top-left:0px;--awb-border-radius-top-right:0px;--awb-border-radius-bottom-right:0px;--awb-border-radius-bottom-left:0px;--awb-padding-right:0px;--awb-padding-bottom:0px;--awb-padding-left:0px;--awb-min-height:450px;--awb-min-height-medium:400px;--awb-min-height-small:350px;--awb-background-image:linear-gradient(180deg, rgba(0,0,0,0.7) 0%,rgba(0,0,0,0.7) 100%),url(https:\/\/teneg.pl\/its\/wp-content\/uploads\/sites\/2\/2024\/10\/kontakt13.png);;--awb-background-size:cover;--awb-flex-wrap:wrap;\" ><div class=\"fusion-builder-row fusion-row fusion-flex-align-items-center fusion-flex-content-wrap\" style=\"max-width:1144px;margin-left: calc(-4% \/ 2 );margin-right: calc(-4% \/ 2 );\"><div class=\"fusion-layout-column fusion_builder_column fusion-builder-column-0 fusion_builder_column_1_1 1_1 fusion-flex-column fusion-flex-align-self-stretch\" style=\"--awb-bg-size:cover;--awb-width-large:100%;--awb-margin-top-large:0px;--awb-spacing-right-large:0%;--awb-margin-bottom-large:0px;--awb-spacing-left-large:0%;--awb-width-medium:100%;--awb-order-medium:0;--awb-margin-top-medium:0px;--awb-spacing-right-medium:0%;--awb-margin-bottom-medium:0px;--awb-spacing-left-medium:0%;--awb-width-small:100%;--awb-order-small:0;--awb-spacing-right-small:1.92%;--awb-spacing-left-small:1.92%;\"><div class=\"fusion-column-wrapper fusion-column-has-shadow fusion-flex-justify-content-center fusion-content-layout-column\"><div class=\"fusion-title title fusion-title-1 fusion-sep-none fusion-title-center fusion-title-text fusion-title-size-two\" style=\"--awb-text-color:#fff;--awb-margin-bottom:0px;--awb-margin-top-medium:0px;--awb-font-size:40px;\"><h2 class=\"fusion-title-heading title-heading-center\" style=\"font-family:&quot;Exo 2&quot;;font-style:normal;font-weight:600;margin:0;font-size:1em;text-transform:uppercase;line-height:50px;\">Napisz do nas<\/h2><\/div><\/div><\/div><\/div><\/div><div class=\"fusion-fullwidth fullwidth-box fusion-builder-row-2 fusion-flex-container has-pattern-background has-mask-background nonhundred-percent-fullwidth non-hundred-percent-height-scrolling fusion-no-medium-visibility fusion-no-large-visibility\" style=\"--awb-border-radius-top-left:0px;--awb-border-radius-top-right:0px;--awb-border-radius-bottom-right:0px;--awb-border-radius-bottom-left:0px;--awb-margin-top:100px;--awb-flex-wrap:wrap;\" ><div class=\"fusion-builder-row fusion-row fusion-flex-align-items-flex-start fusion-flex-content-wrap\" style=\"max-width:1144px;margin-left: calc(-4% \/ 2 );margin-right: calc(-4% \/ 2 );\"><div class=\"fusion-layout-column fusion_builder_column fusion-builder-column-1 fusion_builder_column_1_3 1_3 fusion-flex-column fusion-flex-align-self-center\" style=\"--awb-bg-size:cover;--awb-width-large:33.333333333333%;--awb-margin-top-large:0px;--awb-spacing-right-large:5.76%;--awb-margin-bottom-large:20px;--awb-spacing-left-large:5.76%;--awb-width-medium:33.333333333333%;--awb-order-medium:0;--awb-spacing-right-medium:5.76%;--awb-spacing-left-medium:5.76%;--awb-width-small:100%;--awb-order-small:0;--awb-spacing-right-small:1.92%;--awb-spacing-left-small:1.92%;\"><div class=\"fusion-column-wrapper fusion-column-has-shadow fusion-flex-justify-content-center fusion-content-layout-column\"><div class=\"fusion-text fusion-text-1 sm-text-align-center\" style=\"--awb-margin-top:40px;\"><p class=\"h_small\" style=\"color: #000; font-size: 18px !important;\"><strong>Teneg sp. z o.o.<\/strong><\/p>\n<\/div><div class=\"fusion-text fusion-text-2 sm-text-align-center czarny_przycisk\" style=\"--awb-font-size:15px;--awb-text-color:#000000;--awb-margin-left:-10px;\"><p><a style=\"font-weight: 400; padding: 10px 15px;\" href=\"tel:+48733814554\"><i class=\"fa fa-mobile\" style=\"margin: 10px 1px 15px;\"><\/i> <span style=\"margin-left: 5px;\">733 814 554<\/span><\/a><br \/>\n<a style=\"font-weight: 400; margin-left: 7px; padding: 10px 15px;\" href=\"ma&#105;&#108;&#116;&#111;&#x3a;&#x6b;&#x6f;&#x6e;&#x74;ak&#116;&#64;&#116;&#101;&#x6e;&#x65;&#x67;&#x2e;&#x70;l\"><span style=\"font-family: 'Arial'; font-weight: 600;\">@<\/span> &#x6b;&#x6f;&#x6e;&#x74;&#x61;&#x6b;&#x74;&#64;&#116;&#101;&#110;&#101;g&#46;pl<\/a><\/p>\n<\/div><div class=\"fusion-text fusion-text-3 sm-text-align-center\" style=\"--awb-font-size:15px;--awb-text-color:#000000;--awb-margin-top:0px;--awb-margin-left:-10px;\"><p><i class=\"fas fa-map-marker-alt\" style=\"margin-bottom: 10px;\"><\/i>ul. Drezde\u0144ska 3A<br \/>\n<span style=\"margin-left: 20px;\">03-969 Warszawa<\/span><\/p>\n<\/div><div class=\"fusion-text fusion-text-4 sm-text-align-center\" style=\"--awb-font-size:15px;--awb-text-color:#000000;--awb-margin-left:-10px;\"><p><i class=\"fa fa-clock\" style=\"margin: 5px 0px 10px 0px;\"><\/i><span style=\"margin-left: 10px;\">Pracujemy w godzinach:<\/span><br \/>\n<span style=\"margin-left: 20px;\">pn-pt 9:00 &#8211; 17:00<\/span><\/p>\n<\/div><div class=\"fusion-text fusion-text-5 sm-text-align-center\" style=\"--awb-font-size:15px;--awb-text-color:#000000;--awb-margin-left:5px;\"><p><i class=\"fa fa-envelope\" style=\"margin: 0px 0px 10px -10px;\"><\/i> <span style=\"margin-left: 5px;\">Aleja Stan\u00f3w Zjednoczonych 51<\/span><br \/>04-028 Warszawa<\/p>\n<\/div><div class=\"fusion-text fusion-text-6 sm-text-align-center\" style=\"--awb-font-size:15px;--awb-line-height:1.4;--awb-text-color:#000000;\"><p><i class=\"fa fa-building\" style=\"margin-right: 7px;\" aria-hidden=\"true\"><\/i>S\u0105d Rejonowy dla m. st. Warszawy w Warszawie<br \/>KRS: 0000193423<br \/>NIP: 5210123970<br \/>Kapita\u0142 zak\u0142adowy: 200 000,00 z\u0142<\/p>\n<\/div><div class=\"fusion-social-links fusion-social-links-1\" style=\"--awb-margin-top:0px;--awb-margin-right:0px;--awb-margin-bottom:0px;--awb-margin-left:25px;--awb-margin-top-small:15px;--awb-margin-right-small:0px;--awb-margin-bottom-small:20px;--awb-margin-left-small:0px;--awb-box-border-top:0px;--awb-box-border-right:0px;--awb-box-border-bottom:0px;--awb-box-border-left:0px;--awb-box-padding-top:6px;--awb-box-padding-right:7px;--awb-box-padding-bottom:8px;--awb-box-padding-left:7px;--awb-icon-colors-hover:rgba(190,189,189,0.8);--awb-box-colors-hover:rgba(232,232,232,0.8);--awb-box-border-color:var(--awb-color3);--awb-box-border-color-hover:var(--awb-color4);--awb-alignment-small:center;\"><div class=\"fusion-social-networks boxed-icons color-type-brand\"><div class=\"fusion-social-networks-wrapper\"><a class=\"fusion-social-network-icon fusion-tooltip fusion-linkedin awb-icon-linkedin\" style=\"color:#ffffff;font-size:16px;width:16px;background-color:#0077b5;border-color:#0077b5;border-radius:4px;\" title=\"LinkedIn\" aria-label=\"linkedin\" target=\"_blank\" rel=\"noopener noreferrer nofollow\" href=\"https:\/\/www.linkedin.com\/company\/teneg-it\/\"><\/a><a class=\"fusion-social-network-icon fusion-tooltip fusion-facebook awb-icon-facebook\" style=\"color:#ffffff;font-size:16px;width:16px;background-color:#3b5998;border-color:#3b5998;border-radius:4px;\" title=\"Facebook\" aria-label=\"facebook\" target=\"_blank\" rel=\"noopener noreferrer nofollow\" href=\"https:\/\/www.facebook.com\/teneg.IT\"><\/a><a class=\"fusion-social-network-icon fusion-tooltip fusion-youtube awb-icon-youtube\" style=\"color:#ffffff;font-size:16px;width:16px;background-color:#cd201f;border-color:#cd201f;border-radius:4px;\" title=\"YouTube\" aria-label=\"youtube\" target=\"_blank\" rel=\"noopener noreferrer nofollow\" href=\"https:\/\/www.youtube.com\/@teneg6692\"><\/a><\/div><\/div><\/div><\/div><\/div><\/div><\/div><div class=\"fusion-fullwidth fullwidth-box fusion-builder-row-3 fusion-flex-container has-pattern-background has-mask-background nonhundred-percent-fullwidth non-hundred-percent-height-scrolling\" style=\"--awb-border-radius-top-left:0px;--awb-border-radius-top-right:0px;--awb-border-radius-bottom-right:0px;--awb-border-radius-bottom-left:0px;--awb-padding-top:100px;--awb-padding-bottom:50px;--awb-background-color:var(--awb-color2);--awb-flex-wrap:wrap;\" ><div class=\"fusion-builder-row fusion-row fusion-flex-align-items-flex-start fusion-flex-content-wrap\" style=\"max-width:1144px;margin-left: calc(-4% \/ 2 );margin-right: calc(-4% \/ 2 );\"><div class=\"fusion-layout-column fusion_builder_column fusion-builder-column-2 fusion_builder_column_2_3 2_3 fusion-flex-column kontakt_form\" style=\"--awb-padding-top:20px;--awb-padding-right:60px;--awb-padding-bottom:20px;--awb-padding-left:20px;--awb-padding-right-small:20px;--awb-bg-color:var(--awb-color6);--awb-bg-color-hover:var(--awb-color6);--awb-bg-size:cover;--awb-border-color:#000000;--awb-border-top:0;--awb-border-right:0;--awb-border-bottom:0;--awb-border-left:0;--awb-border-style:solid;--awb-width-large:66.666666666667%;--awb-margin-top-large:0px;--awb-spacing-right-large:2.88%;--awb-margin-bottom-large:0px;--awb-spacing-left-large:0%;--awb-width-medium:66.666666666667%;--awb-order-medium:0;--awb-spacing-right-medium:2.88%;--awb-spacing-left-medium:0%;--awb-width-small:100%;--awb-order-small:0;--awb-spacing-right-small:1.92%;--awb-spacing-left-small:1.92%;\"><div class=\"fusion-column-wrapper fusion-column-has-shadow fusion-flex-justify-content-flex-start fusion-content-layout-column\">\n<div class=\"wpcf7 no-js\" id=\"wpcf7-f665-o1\" lang=\"pl-PL\" dir=\"ltr\" data-wpcf7-id=\"665\">\n<div class=\"screen-reader-response\"><p role=\"status\" aria-live=\"polite\" aria-atomic=\"true\"><\/p> <ul><\/ul><\/div>\n<form action=\"\/its\/wp-json\/wp\/v2\/pages\/654#wpcf7-f665-o1\" method=\"post\" class=\"wpcf7-form init\" aria-label=\"Formularz kontaktowy\" novalidate=\"novalidate\" data-status=\"init\">\n<fieldset class=\"hidden-fields-container\"><input type=\"hidden\" name=\"_wpcf7\" value=\"665\" \/><input type=\"hidden\" name=\"_wpcf7_version\" value=\"6.1.5\" \/><input type=\"hidden\" name=\"_wpcf7_locale\" value=\"pl_PL\" \/><input type=\"hidden\" name=\"_wpcf7_unit_tag\" value=\"wpcf7-f665-o1\" \/><input type=\"hidden\" name=\"_wpcf7_container_post\" value=\"0\" \/><input type=\"hidden\" name=\"_wpcf7_posted_data_hash\" value=\"\" \/><input type=\"hidden\" name=\"_wpcf7_recaptcha_response\" value=\"\" \/>\n<\/fieldset>\n<div class=\"wpcf7-turnstile cf-turnstile\" data-sitekey=\"0x4AAAAAABmXfn2U37MaNuKr\" data-response-field-name=\"_wpcf7_turnstile_response\"><\/div>\n\n<p><label><\/label>\n<\/p>\n<p style=\"color: #000; font-family:'Lato'; margin-bottom: 10px;\">Imi\u0119 i nazwisko *\n<\/p>\n<p><span class=\"wpcf7-form-control-wrap\" data-name=\"fullname\"><input size=\"40\" maxlength=\"400\" class=\"wpcf7-form-control wpcf7-text wpcf7-validates-as-required\" aria-required=\"true\" aria-invalid=\"false\" value=\"\" type=\"text\" name=\"fullname\" \/><\/span>\n<\/p>\n<p><label><\/label>\n<\/p>\n<p style=\"color: #000; font-family:'Lato'; margin-bottom: 10px;\">Email *\n<\/p>\n<p><span class=\"wpcf7-form-control-wrap\" data-name=\"your-email\"><input size=\"40\" maxlength=\"400\" class=\"wpcf7-form-control wpcf7-email wpcf7-validates-as-required wpcf7-text wpcf7-validates-as-email\" aria-required=\"true\" aria-invalid=\"false\" value=\"\" type=\"email\" name=\"your-email\" \/><\/span>\n<\/p>\n<p><label><\/label>\n<\/p>\n<p style=\"color: #000; font-family:'Lato'; margin-bottom: 10px;\">Numer telefonu\n<\/p>\n<p><span class=\"wpcf7-form-control-wrap\" data-name=\"tel-218\"><input size=\"40\" maxlength=\"400\" class=\"wpcf7-form-control wpcf7-tel wpcf7-text wpcf7-validates-as-tel\" aria-invalid=\"false\" value=\"\" type=\"tel\" name=\"tel-218\" \/><\/span>\n<\/p>\n<div class=\"zgoda_kontakt\" style=\"color: #000; font-family:'Lato'; margin-bottom: 30px;\">\n\t<p><span class=\"wpcf7-form-control-wrap\" data-name=\"zgoda2\"><span class=\"wpcf7-form-control wpcf7-checkbox wpcf7-validates-as-required\"><span class=\"wpcf7-list-item first last\"><input type=\"checkbox\" name=\"zgoda2[]\" value=\"Wyra\u017cam zgod\u0119 na otrzymywanie informacji handlowych drog\u0105 telefoniczn\u0105. Wyra\u017cenie zgody jest dobrowolne i mo\u017ce by\u0107 odwo\u0142ane w ka\u017cdej chwili.\" \/><span class=\"wpcf7-list-item-label\">Wyra\u017cam zgod\u0119 na otrzymywanie informacji handlowych drog\u0105 telefoniczn\u0105. Wyra\u017cenie zgody jest dobrowolne i mo\u017ce by\u0107 odwo\u0142ane w ka\u017cdej chwili.<\/span><\/span><\/span><\/span>\n\t<\/p>\n<\/div>\n<div class=\"czarny_przycisk\">\n\t<p><a class=\"polityka\" style=\"font-weight: 600; padding: 10px 15px; margin-left: -14px;\" href=\"https:\/\/teneg.pl\/its\/polityka-prywatnosci\/\">Polityka prywatno\u015bci<\/a>\n\t<\/p>\n<\/div>\n<p style=\"color: #000; font-family:'Lato'; margin-top: 10px;\">Temat:\n<\/p>\n<p><span class=\"wpcf7-form-control-wrap\" data-name=\"menu-410\"><select class=\"wpcf7-form-control wpcf7-select\" aria-invalid=\"false\" name=\"menu-410\"><option value=\"Pytanie\">Pytanie<\/option><option value=\"Wsp\u00f3\u0142praca\">Wsp\u00f3\u0142praca<\/option><option value=\"Inne\">Inne<\/option><\/select><\/span>\n<\/p>\n<p style=\"color: #000; font-family:'Lato';margin-top: 10px;\">Tre\u015b\u0107 wiadomo\u015bci\n<\/p>\n<p><span class=\"wpcf7-form-control-wrap\" data-name=\"your-message\"><textarea cols=\"40\" rows=\"10\" maxlength=\"2000\" class=\"wpcf7-form-control wpcf7-textarea\" aria-invalid=\"false\" name=\"your-message\"><\/textarea><\/span>\n<\/p>\n<p style=\"color: #000; font-family:'Lato';\"><input class=\"wpcf7-form-control wpcf7-submit has-spinner\" type=\"submit\" value=\"Wy\u015blij\" \/>\n<\/p><div class=\"fusion-alert alert custom alert-custom fusion-alert-center wpcf7-response-output awb-alert-native-link-color alert-dismissable awb-alert-close-boxed alert-shadow\" style=\"--awb-border-size:1px;--awb-border-top-left-radius:0px;--awb-border-top-right-radius:0px;--awb-border-bottom-left-radius:0px;--awb-border-bottom-right-radius:0px;\" role=\"alert\"><div class=\"fusion-alert-content-wrapper\"><span class=\"fusion-alert-content\"><\/span><\/div><button type=\"button\" class=\"close toggle-alert\" data-dismiss=\"alert\" aria-label=\"Close\">&times;<\/button><\/div>\n<\/form>\n<\/div>\n<div class=\"fusion-modal modal fade modal-1 kontakt_pop_up\" tabindex=\"-1\" role=\"dialog\" aria-labelledby=\"modal-heading-1\" aria-hidden=\"true\" style=\"--awb-border-color:rgba(255,255,255,0);--awb-background:#ffffff;\"><div class=\"modal-dialog modal-lg\" role=\"document\"><div class=\"modal-content fusion-modal-content\"><div class=\"modal-header\"><button class=\"close\" type=\"button\" data-dismiss=\"modal\" aria-hidden=\"true\" aria-label=\"Close\">&times;<\/button><h3 class=\"modal-title\" id=\"modal-heading-1\" data-dismiss=\"modal\" aria-hidden=\"true\"> <\/h3><\/div><div class=\"modal-body fusion-clearfix\"><div class=\"fusion-widget-area awb-widget-area-element fusion-widget-area-1 fusion-content-widget-area\" style=\"--awb-margin-top:0px;--awb-margin-right:0px;--awb-margin-bottom:0px;--awb-margin-left:0px;--awb-title-size:0px;--awb-title-color:#333333;--awb-padding:0px 0px 0px 0px;\"><div id=\"custom_html-5\" class=\"widget_text widget widget_custom_html\" style=\"border-style: solid;border-color:transparent;border-width:0px;\"><div class=\"heading\"><h4 class=\"widget-title\">Pop up kontakt<\/h4><\/div><div class=\"textwidget custom-html-widget\"><div style=\"font-size: 18px; font-family: 'Lato'; padding: 10px 5px; margin: 0 auto; font-weight: 500; width: 100%;\">\r\n<div class=\"czarny_przycisk\" style=\"text-align: center; color: #000; margin-bottom: 25px;\">\r\n\t<a style=\"color: #000; font-weight: 500;\" href=\"tel:+48733814554\"><i class=\"fa fa-mobile\" style=\"margin-right: 12px; display: inline-block;\" aria-hidden=\"true\"><\/i>733 814 554<\/a>\r\n\t<\/div>\r\n<div class=\"czarny_przycisk\" style=\"text-align: center; color: #000; margin-bottom: 25px;\">\r\n\t<a style=\"color: #000; font-weight: 500;\" href=\"m&#97;&#105;&#x6c;&#x74;o&#58;&#107;&#x6f;&#x6e;&#x74;a&#107;&#116;&#x40;&#x74;en&#101;&#x67;&#x2e;&#x70;l\"><i class=\"fa fa-at\" style=\"margin-right: 10px; color: black; font-size: 16px;\"><\/i>&#x6b;&#x6f;&#x6e;&#x74;&#x61;&#x6b;&#116;&#64;&#116;&#101;neg&#46;&#x70;&#x6c;<\/a>\r\n\t<\/div>\r\n<div class=\"czarny_przycisk\" style=\"text-align: center; color: #000;\">\r\n\t<a style=\"color: #000; font-weight: 500;\" href=\"https:\/\/teneg.pl\/its\/kontakt\/\"><i class=\"fa fa-pencil-square-o\" style=\"color: black; margin-right: 10px;\"><\/i>Formularz kontaktowy<\/a>\r\n\t<\/div>\r\n<\/div><\/div><\/div><div class=\"fusion-additional-widget-content\"><\/div><\/div><\/div><\/div><\/div><\/div><\/div><\/div><div class=\"fusion-layout-column fusion_builder_column fusion-builder-column-3 fusion_builder_column_1_3 1_3 fusion-flex-column fusion-flex-align-self-flex-start fusion-no-small-visibility\" style=\"--awb-bg-size:cover;--awb-width-large:33.333333333333%;--awb-margin-top-large:0px;--awb-spacing-right-large:0%;--awb-margin-bottom-large:20px;--awb-spacing-left-large:25.92%;--awb-width-medium:33.333333333333%;--awb-order-medium:0;--awb-spacing-right-medium:0%;--awb-spacing-left-medium:25.92%;--awb-width-small:100%;--awb-order-small:0;--awb-spacing-right-small:1.92%;--awb-spacing-left-small:1.92%;\"><div class=\"fusion-column-wrapper fusion-column-has-shadow fusion-flex-justify-content-center fusion-content-layout-column\"><div class=\"fusion-text fusion-text-7 fusion-text-no-margin\" style=\"--awb-content-alignment:center;--awb-margin-top:10px;--awb-margin-bottom:30px;--awb-text-font-family:&quot;Exo 2&quot;;--awb-text-font-style:normal;--awb-text-font-weight:700;\"><p class=\"h_small\" style=\"color: #000; font-size: 20px !important;\"><strong>Teneg Sp. z o.o.<\/strong><\/p>\n<\/div><div class=\"fusion-text fusion-text-8 md-text-align-left fusion-text-no-margin czarny_przycisk\" style=\"--awb-font-size:15px;--awb-text-color:#000000;--awb-margin-bottom:20px;--awb-margin-left:-15px;\"><p><a style=\"font-weight: 400; padding: 10px 15px;\" href=\"tel:+48733814554\"><i class=\"fa fa-mobile\" style=\"margin-right: 6px; margin-left: 2px; font-size: 18px;\"><\/i> <span style=\"margin-left: 4px;\">733 814 554<\/span><\/a><\/p>\n<\/div><div class=\"fusion-text fusion-text-9 md-text-align-left fusion-text-no-margin czarny_przycisk\" style=\"--awb-font-size:15px;--awb-text-color:#000000;--awb-margin-bottom:20px;--awb-margin-left:-15px;\"><p><a style=\"font-weight: 400; padding: 10px 15px;\" href=\"&#x6d;&#x61;&#x69;&#x6c;&#116;&#111;:ko&#x6e;&#x74;&#x61;&#x6b;&#116;&#64;ten&#x65;&#x67;&#x2e;&#x70;&#108;\"><span style=\"font-family: 'Arial'; font-weight: 600; margin-right: 8px;\">@<\/span> &#107;&#111;&#x6e;&#x74;&#97;&#107;&#x74;&#x40;&#116;&#101;&#x6e;&#x65;&#103;&#46;&#x70;&#x6c;<\/a><\/p>\n<\/div><div class=\"fusion-text fusion-text-10 fusion-text-no-margin\" style=\"--awb-font-size:15px;--awb-text-color:#000000;--awb-margin-bottom:20px;\"><p><i class=\"fas fa-map-marker-alt\" style=\"margin: 10px 3px 10px 2px;\"><\/i><span style=\"margin-left: 10px;\">ul. Drezde\u0144ska 3A<\/span><br \/>\n<span style=\"margin-left: 26px;\">03-969 Warszawa<\/span><\/p>\n<\/div><div class=\"fusion-text fusion-text-11 md-text-align-left fusion-text-no-margin\" style=\"--awb-font-size:15px;--awb-text-color:#000000;--awb-margin-bottom:20px;\"><p><i class=\"fa fa-clock\" style=\"margin: 10px 1px 10px 0px;\"><\/i><span style=\"margin-left: 10px;\">Pracujemy w godzinach:<\/span><br \/>\n<span style=\"margin-left: 26px;\">pn-pt 9:00 &#8211; 17:00<\/span><\/p>\n<\/div><div class=\"fusion-text fusion-text-12 fusion-text-no-margin\" style=\"--awb-font-size:15px;--awb-text-color:#000000;--awb-margin-bottom:20px;--awb-margin-left:25px;\"><p><i class=\"fa fa-envelope\" style=\"margin: 10px 0px 10px -25px;\"><\/i> <span style=\"margin-left: 7px;\">Al. Stan\u00f3w Zjednoczonych 51<\/span><br \/>04-028 Warszawa<\/p>\n<\/div><div class=\"fusion-text fusion-text-13\" style=\"--awb-font-size:15px;--awb-line-height:1.6;--awb-text-color:#000000;--awb-margin-top:5px;--awb-margin-left:0px;\"><p style=\"margin: 0px;\"><i class=\"fa fa-building\" style=\"margin-right: 7px;\" aria-hidden=\"true\"><\/i> S\u0105d Rejonowy dla m. st.<\/p>\n<p style=\"margin: 0px 0 0 24px;\">Warszawy w Warszawie<\/p>\n<p style=\"margin: 0px 0 0 24px;\">XIV Wydzia\u0142 Gospodarczy<br \/>\nKRS 0000193423<\/p>\n<p style=\"margin: 0px 0 0 24px;\">NIP 5210123970<\/p>\n<p style=\"margin: 0px 0 0 24px;\">Kapita\u0142 zak\u0142adowy: 200 000,00 z\u0142<\/p>\n<\/div><div class=\"fusion-social-links fusion-social-links-2\" style=\"--awb-margin-top:30px;--awb-margin-right:0px;--awb-margin-bottom:0px;--awb-margin-left:25px;--awb-alignment:center;--awb-box-border-top:0px;--awb-box-border-right:0px;--awb-box-border-bottom:0px;--awb-box-border-left:0px;--awb-box-padding-top:6px;--awb-box-padding-right:7px;--awb-box-padding-bottom:8px;--awb-box-padding-left:7px;--awb-icon-colors-hover:rgba(190,189,189,0.8);--awb-box-colors-hover:rgba(232,232,232,0.8);--awb-box-border-color:var(--awb-color3);--awb-box-border-color-hover:var(--awb-color4);\"><div class=\"fusion-social-networks boxed-icons color-type-brand\"><div class=\"fusion-social-networks-wrapper\"><a class=\"fusion-social-network-icon fusion-tooltip fusion-linkedin awb-icon-linkedin\" style=\"color:#ffffff;font-size:16px;width:16px;background-color:#0077b5;border-color:#0077b5;border-radius:4px;\" title=\"LinkedIn\" aria-label=\"linkedin\" target=\"_blank\" rel=\"noopener noreferrer nofollow\" href=\"https:\/\/www.linkedin.com\/company\/teneg-it\/\"><\/a><a class=\"fusion-social-network-icon fusion-tooltip fusion-facebook awb-icon-facebook\" style=\"color:#ffffff;font-size:16px;width:16px;background-color:#3b5998;border-color:#3b5998;border-radius:4px;\" title=\"Facebook\" aria-label=\"facebook\" target=\"_blank\" rel=\"noopener noreferrer nofollow\" href=\"https:\/\/www.facebook.com\/teneg.IT\"><\/a><a class=\"fusion-social-network-icon fusion-tooltip fusion-youtube awb-icon-youtube\" style=\"color:#ffffff;font-size:16px;width:16px;background-color:#cd201f;border-color:#cd201f;border-radius:4px;\" title=\"YouTube\" aria-label=\"youtube\" target=\"_blank\" rel=\"noopener noreferrer nofollow\" href=\"https:\/\/www.youtube.com\/@teneg6692\"><\/a><\/div><\/div><\/div><\/div><\/div><\/div><\/div><div class=\"fusion-fullwidth fullwidth-box fusion-builder-row-4 fusion-flex-container has-pattern-background has-mask-background nonhundred-percent-fullwidth non-hundred-percent-height-scrolling\" style=\"--awb-border-sizes-top:1px;--awb-border-color:var(--awb-color1);--awb-border-radius-top-left:0px;--awb-border-radius-top-right:0px;--awb-border-radius-bottom-right:0px;--awb-border-radius-bottom-left:0px;--awb-padding-top:20px;--awb-padding-bottom:0px;--awb-margin-bottom:0px;--awb-background-color:var(--awb-color2);--awb-flex-wrap:wrap;\" ><div class=\"fusion-builder-row fusion-row fusion-flex-align-items-flex-start fusion-flex-content-wrap\" style=\"max-width:1144px;margin-left: calc(-4% \/ 2 );margin-right: calc(-4% \/ 2 );\"><div class=\"fusion-layout-column fusion_builder_column fusion-builder-column-4 fusion_builder_column_1_1 1_1 fusion-flex-column newsletter_form\" style=\"--awb-bg-size:cover;--awb-width-large:100%;--awb-margin-top-large:25px;--awb-spacing-right-large:1.92%;--awb-margin-bottom-large:20px;--awb-spacing-left-large:1.92%;--awb-width-medium:100%;--awb-order-medium:0;--awb-spacing-right-medium:1.92%;--awb-spacing-left-medium:1.92%;--awb-width-small:100%;--awb-order-small:0;--awb-spacing-right-small:1.92%;--awb-spacing-left-small:1.92%;\"><div class=\"fusion-column-wrapper fusion-column-has-shadow fusion-flex-justify-content-flex-start fusion-content-layout-column\"><div class=\"fusion-widget-area awb-widget-area-element fusion-widget-area-2 fusion-content-widget-area\" style=\"--awb-title-size:21px;--awb-title-color:#333333;--awb-padding:0px 0px 0px 0px;\"><div id=\"custom_html-8\" class=\"widget_text widget widget_custom_html\" style=\"border-style: solid;border-color:transparent;border-width:0px;\"><div class=\"textwidget custom-html-widget\"><getresponse-form form-id=\"f5510dd6-f98b-4564-ae0b-b81dd2a6e90f\" e=\"0\"><\/getresponse-form><\/div><\/div><div class=\"fusion-additional-widget-content\"><\/div><\/div><\/div><\/div><\/div><\/div><\/p>\n","protected":false},"excerpt":{"rendered":"","protected":false},"author":2,"featured_media":17460,"parent":0,"menu_order":0,"comment_status":"closed","ping_status":"closed","template":"100-width.php","meta":{"footnotes":""},"class_list":["post-654","page","type-page","status-publish","has-post-thumbnail","hentry"],"_links":{"self":[{"href":"https:\/\/teneg.pl\/its\/wp-json\/wp\/v2\/pages\/654","targetHints":{"allow":["GET"]}}],"collection":[{"href":"https:\/\/teneg.pl\/its\/wp-json\/wp\/v2\/pages"}],"about":[{"href":"https:\/\/teneg.pl\/its\/wp-json\/wp\/v2\/types\/page"}],"author":[{"embeddable":true,"href":"https:\/\/teneg.pl\/its\/wp-json\/wp\/v2\/users\/2"}],"replies":[{"embeddable":true,"href":"https:\/\/teneg.pl\/its\/wp-json\/wp\/v2\/comments?post=654"}],"version-history":[{"count":151,"href":"https:\/\/teneg.pl\/its\/wp-json\/wp\/v2\/pages\/654\/revisions"}],"predecessor-version":[{"id":19707,"href":"https:\/\/teneg.pl\/its\/wp-json\/wp\/v2\/pages\/654\/revisions\/19707"}],"wp:featuredmedia":[{"embeddable":true,"href":"https:\/\/teneg.pl\/its\/wp-json\/wp\/v2\/media\/17460"}],"wp:attachment":[{"href":"https:\/\/teneg.pl\/its\/wp-json\/wp\/v2\/media?parent=654"}],"curies":[{"name":"wp","href":"https:\/\/api.w.org\/{rel}","templated":true}]}}