{"id":6427,"date":"2022-05-05T06:55:02","date_gmt":"2022-05-05T04:55:02","guid":{"rendered":"https:\/\/teneg.pl\/its\/?page_id=6427"},"modified":"2022-05-05T06:55:02","modified_gmt":"2022-05-05T04:55:02","slug":"polityka-prywatnosci-teneg","status":"publish","type":"page","link":"https:\/\/teneg.pl\/its\/polityka-prywatnosci-teneg\/","title":{"rendered":"Polityka Prywatno\u015bci Teneg"},"content":{"rendered":"<p class=\"p1\">\n<p class=\"p3\"><b>Administratorem Pa\u0144stwa danych osobowych jest Teneg sp. z o.o. z siedzib\u0105 04-028 Warszawa, Al. Stan\u00f3w Zjednoczonych 51<\/b><\/p>\n<p class=\"p3\">Pa\u0144stwa dane pozyskali\u015bmy w zwi\u0105zku z Pa\u0144stwa korzystaniem z naszych us\u0142ug, a tak\u017ce w innych przypadkach kontaktu z Teneg np. udzia\u0142em w promocjach, wyra\u017caniem opinii lub uczestniczeniu w programach lojalno\u015bciowych.<\/p>\n<p class=\"p3\">W razie jakichkolwiek pyta\u0144 odno\u015bnie przetwarzania Pa\u0144stwa danych osobowych lub realizacji swoich uprawnie\u0144 z nim zwi\u0105zanych, prosimy o kontakt: Teneg sp. z o.o. al. Stan\u00f3w Zjednoczonych 51; 04-028 Warszawa lub wysy\u0142aj\u0105c wiadomo\u015b\u0107 do naszego inspektora ochrony danych na adres:<span class=\"Apple-converted-space\">\u00a0<\/span><\/p>\n<p class=\"p5\">e-mail:\u2026\u2026\u2026.<\/p>\n<p class=\"p3\">adres pocztowy: Teneg sp. z o.o. al. Stan\u00f3w Zjednoczonych 51; 04-028 Warszawa<\/p>\n<p class=\"p3\">Na stronie <span class=\"s2\">www\u2026\u2026 <\/span>udost\u0119pnili\u015bmy dla Pa\u0144stwa wz\u00f3r wniosku, z kt\u00f3rego mo\u017cecie Pastwo skorzysta\u0107 w celu realizacji Pa\u0144stwa zapyta\u0144 oraz uprawnie\u0144.<span class=\"Apple-converted-space\">\u00a0<\/span><\/p>\n<p class=\"p3\"><b>CELE PRZETWARZANIA DANYCH<span class=\"Apple-converted-space\">\u00a0<\/span><\/b><\/p>\n<p class=\"p3\">Celem przetwarzania danych jest zawarcie i wykonanie umowy, kt\u00f3rej Pa\u0144stwo s\u0105 stron\u0105 lub podj\u0119cie dzia\u0142a\u0144 przed zawarciem umowy, w tym: sprzeda\u017c towar\u00f3w lub us\u0142ug, serwis posprzeda\u017cowy, \u015bwiadczenie us\u0142ug drog\u0105 elektroniczn\u0105 np. newsletter, realizacja program\u00f3w lojalno\u015bciowych, wyra\u017canie opinii, ocen lub komentarzy, obs\u0142uga r\u00f3\u017cnych zg\u0142osze\u0144 (np. przez internetowy formularz kontaktowy), a tak\u017ce bie\u017c\u0105cy kontakt z Pa\u0144stwem w tym zakresie. W takich przypadkach podstaw\u0105 przetwarzania danych jest niezb\u0119dno\u015b\u0107 Pa\u0144stwa danych do realizacji umowy (art. 6 ust. 1 b RODO).<\/p>\n<p class=\"p3\">W zwi\u0105zku z powy\u017cszym, zgodnie z obowi\u0105zuj\u0105cymi przepisami, podstaw\u0105 przetwarzania danych b\u0119dzie r\u00f3wnie\u017c, ich niezb\u0119dno\u015b\u0107 do wype\u0142nienia obowi\u0105zku prawnego ci\u0105\u017c\u0105cego na Teneg (art. 6 ust. 1 c RODO), a w szczeg\u00f3lno\u015bci: wystawianie i przechowywanie faktur oraz dokument\u00f3w ksi\u0119gowych, rozpatrywanie reklamacji, udostepnienie danych organom pa\u0144stwowym w granicach i na podstawie przepis\u00f3w prawa np. dla cel\u00f3w podatkowych i rachunkowych.<span class=\"Apple-converted-space\">\u00a0 \u00a0<\/span><\/p>\n<p class=\"p6\">Przetwarzamy te\u017c Pa\u0144stwa dane osobowe w celach wskazanych poni\u017cej, na podstawie prawnie uzasadnionego interesu Teneg (art. 6 ust. 1 f RODO):<\/p>\n<ul class=\"ul1\">\n<li class=\"li3\">marketing bezpo\u015bredni produkt\u00f3w i us\u0142ug Teneg;<\/li>\n<li class=\"li3\">poprawa jako\u015bci sprzedawanych przez Teneg towar\u00f3w lub us\u0142ug poprzez zasi\u0119ganie na ten temat opinii lub badanie satysfakcji;<\/li>\n<li class=\"li3\">wsparcie us\u0142ug p\u0142atniczych, kredytowych lub ubezpieczenia zakupionego towaru;<\/li>\n<li class=\"li3\">zarz\u0105dzanie aktywno\u015bci\u0105 na stronach internetowych Teneg poprzez jej monitorowanie, pod k\u0105tem poprawy funkcjonalno\u015bci obs\u0142ugi, analizy potrzeb, dopasowania reklam zgodnie z uprzednio przegl\u0105danymi tre\u015bciami,<span class=\"Apple-converted-space\">\u00a0<\/span><\/li>\n<li class=\"li3\">obs\u0142uga komunikat\u00f3w, opinii lub pr\u00f3\u015bb, gdy nie s\u0105 one zwi\u0105zane z realizacj\u0105 umowy;<\/li>\n<li class=\"li3\">wykrywanie i przeciwdzia\u0142anie nadu\u017cyciom, dochodzenie lub obrona przez roszczeniami, a tak\u017ce prowadzenie post\u0119powa\u0144 przed organami w\u0142adzy publicznej lub s\u0105dami;<\/li>\n<li class=\"li3\">ochrona mienia, zdrowia i \u017cycia poprzez rejestrowanie obrazu (monitoring) terenu biur oraz terenu wok\u00f3\u0142<span class=\"Apple-converted-space\">\u00a0 <\/span>nich,<span class=\"Apple-converted-space\">\u00a0<\/span><\/li>\n<li class=\"li3\">tworzenie analiz, zestawie\u0144, statystyk oraz archiwizacja.<\/li>\n<\/ul>\n<p class=\"p3\">W przypadku wyra\u017cania zgody na przetwarzanie danych osobowych, zgoda ta b\u0119dzie podstaw\u0105 przetwarzania danych (art. 6 ust. 1 a RODO), a tre\u015b\u0107 tej zgody ka\u017cdorazowo b\u0119dzie okre\u015bla\u0107 cel przetwarzania danych. Zgod\u0119 na przetwarzanie danych osobowych, mo\u017cna wycofa\u0107 w dowolnym momencie.<\/p>\n<p class=\"p3\"><b>INFORMACJA O WYMOGU PODANIA DANYCH<\/b><\/p>\n<p class=\"p3\">Podanie przez Pa\u0144stwa danych osobowych jest warunkiem zawarcia umowy. W przypadku, gdy wymagaj\u0105 tego przepisy prawa, mo\u017cemy wymaga\u0107 podania danych wymaganych przez te przepisy, np. danych podatkowych. Odmowa podania danych w zakresie niezb\u0119dnym do realizacji umowy oraz w zakresie wymaganym przez przepisy prawa b\u0119dzie uniemo\u017cliwia\u0142a jej zwarcie.<\/p>\n<p class=\"p3\">W przypadku zbierania danych osobowych na podstawie zgody, podanie danych osobowych jest dobrowolne.<\/p>\n<p class=\"p3\"><b>ODBIORCY DANYCH<\/b><\/p>\n<p class=\"p3\">W zwi\u0105zku z przetwarzaniem danych na w celach i na podstawach opisanych powy\u017cej, dane osobowe mog\u0105 by\u0107 udost\u0119pniane nast\u0119puj\u0105cym odbiorcom lub kategoriom odbiorc\u00f3w:<\/p>\n<ul class=\"ul1\">\n<li class=\"li3\">podmiotom uczestnicz\u0105cym w procesach niezb\u0119dnych do wykonania umowy, w tym zapewniaj\u0105cym realizacj\u0119 us\u0142ug serwisowych i pogwarancyjnych, us\u0142ugi p\u0142atnicze, us\u0142ugi \u015bwiadczone drog\u0105 elektroniczn\u0105;<\/li>\n<li class=\"li3\">podmiotom \u015bwiadcz\u0105cym nam us\u0142ugi marketingowe, agencjom reklamowym, towarzystwom ubezpieczeniowym; <span class=\"Apple-converted-space\">\u00a0 \u00a0<\/span><\/li>\n<li class=\"li3\">podmiotom obs\u0142uguj\u0105cym nasze systemy teleinformatyczne lub wspieraj\u0105ce te systemy;<\/li>\n<li class=\"li3\">podmiotom \u015bwiadcz\u0105cym nam us\u0142ugi doradcze; <span class=\"Apple-converted-space\">\u00a0 \u00a0<\/span><\/li>\n<li class=\"li3\">podmiotom \u015bwiadcz\u0105cym us\u0142ugi pocztowe, niszcz\u0105c\u0105cym i archiwizuj\u0105cym dokumenty;<\/li>\n<li class=\"li3\">organom w\u0142adzy publicznej lub podmiotom wykonuj\u0105cym zadania publiczne.<span class=\"Apple-converted-space\">\u00a0<\/span><\/li>\n<\/ul>\n<p class=\"p3\"><b>OKRES PRZETWARZANIA DANYCH<\/b><\/p>\n<p class=\"p3\">Dane osobowe przetwarzamy przez okres niezb\u0119dny do realizacji wskazanych powy\u017cej cel\u00f3w tj. przez czas realizacji zawartej z Pa\u0144stwem umowy, a po tym czasie przez okres i w zakresie wymaganym przez przepisy prawa oraz okres, po kt\u00f3rym przedawni\u0105 si\u0119 roszczenia wynikaj\u0105ce z umowy.<span class=\"Apple-converted-space\">\u00a0<\/span><\/p>\n<p class=\"p3\">Je\u017celi przetwarzamy dane osobowe na podstawie uzasadnionego interesu, w szczeg\u00f3lno\u015bci w celu marketingu bezpo\u015bredniego przechowujemy dane do czasu wniesienia przez Pa\u0144stwa sprzeciwu wobec takiego przetwarzania. Po tym czasie dane nie b\u0119d\u0105 ju\u017c przetwarzane w tym celu tj. marketingu bezpo\u015bredniego, lecz ich dalsze przechowywanie mo\u017ce by\u0107 konieczne z uwagi na realizacj\u0119 umowy lub przepis prawa.<\/p>\n<p class=\"p3\">W przypadku gdy dane b\u0119d\u0105 przetwarzane na podstawie odr\u0119bnej zgody, b\u0119d\u0105 one przechowywane do czasu jej odwo\u0142ania.<\/p>\n<p class=\"p6\"><b>PROFILOWANIE<\/b><\/p>\n<p class=\"p3\">W celach opisanych powy\u017cej, za wyj\u0105tkiem przetwarzania w celu wype\u0142nienia obowi\u0105zku prawnego, b\u0119dziemy dokonywa\u0107 profilowania Pa\u0144stwa danych osobowych, czy automatycznie je analizowa\u0107, aby uzyska\u0107 informacje na temat preferencji lub zainteresowa\u0144 (np. bada\u0107, jaka oferta mo\u017ce Pa\u0144stwu najbardziej odpowiada\u0107). Przetwarzanie to nie b\u0119dzie wywo\u0142ywa\u0107 skutk\u00f3w prawnych lub w podobny spos\u00f3b istotnie na Pa\u0144stwa wp\u0142ywa\u0107.<\/p>\n<p class=\"p3\"><b>PRAWO OSOBY, KT\u00d3REJ DANE DOTYCZ\u0104 <span class=\"Apple-converted-space\">\u00a0<\/span><\/b><\/p>\n<p class=\"p6\">Wszystkim osobom, kt\u00f3rych dane osobowe s\u0105 przetwarzane przez Teneg, przys\u0142uguj\u0105 nast\u0119puj\u0105ce prawa wynikaj\u0105ce z RODO:<\/p>\n<ul class=\"ul1\">\n<li class=\"li6\">prawo dost\u0119pu do danych osobowych w tym prawo do uzyskania kopii tych danych;<\/li>\n<li class=\"li6\">prawo do \u017c\u0105dania sprostowania danych osobowych, gdy dane s\u0105 nieprawid\u0142owe lub niekompletne;<\/li>\n<li class=\"li3\">prawo do \u017c\u0105dania usuni\u0119cia danych osobowych (tzw. \u201eprawo do bycia zapominanym\u201d);<\/li>\n<li class=\"li3\">prawo do \u017c\u0105dania ograniczenia przetwarzania danych osobowych;<\/li>\n<li class=\"li3\">prawo do przeniesienia danych do innego administratora lub do Pa\u0144stwa (art. 20 RODO);<\/li>\n<li class=\"li3\">w przypadku, gdy udzielili Pa\u0144stwo zgody na przetwarzanie danych osobowych, w dowolnym momencie przys\u0142uguje Pa\u0144stwu prawo do jej cofni\u0119cia.<\/li>\n<\/ul>\n<p class=\"p6\">Prawo sprzeciwu<span class=\"Apple-converted-space\">\u00a0<\/span><\/p>\n<p class=\"p3\">W dowolnym momencie mog\u0105 Pa\u0144stwo wnie\u015b\u0107 sprzeciw \u2013 z przyczyn zwi\u0105zanych z Pa\u0144stwa szczeg\u00f3ln\u0105 sytuacj\u0105 \u2013 wobec przetwarzania danych osobowych opartego na uzasadnionym interesie Teneg lub interesie publicznym (art. 6 ust. 1 e i f RODO), w tym profilowania na podstawie tych przepis\u00f3w. Teneg nie b\u0119dzie ju\u017c przetwarza\u0107 tych danych osobowych, chyba \u017ce wyka\u017cemy istnienie wa\u017cnych prawnie uzasadnionych podstaw do przetwarzania, kt\u00f3re s\u0105 nadrz\u0119dne wobec Pa\u0144stwa interes\u00f3w, praw i wolno\u015bci, lub wyka\u017cemy istnienie podstawy do ustalenia, dochodzenia lub obrony roszcze\u0144.<span class=\"Apple-converted-space\">\u00a0<\/span><\/p>\n<p class=\"p3\">Je\u017celi dane osobowe przetwarzamy na potrzeby marketingu bezpo\u015bredniego, maj\u0105 Pa\u0144stwo prawo w dowolnym momencie wnie\u015b\u0107 sprzeciw wobec przetwarzania danych osobowych na potrzeby takiego marketingu, w tym profilowania, w zakresie, w jakim przetwarzanie jest zwi\u0105zane z takim marketingiem bezpo\u015brednim. Po wniesieniu sprzeciwu nie b\u0119dziemy ju\u017c przetwarza\u0107 Pa\u0144stwa danych do takich cel\u00f3w.<span class=\"Apple-converted-space\">\u00a0<\/span><\/p>\n<p class=\"p3\">Zrealizowanie powy\u017cszych praw u\u0142atwi Pa\u0144stwu z\u0142o\u017cenie wniosku na adres wskazany powy\u017cej niniejszej informacji.<\/p>\n<p class=\"p3\">W przypadku z\u0142o\u017cenia wniosku mo\u017cemy prosi\u0107 Pa\u0144stwa o podanie dodatkowych informacji w celu zweryfikowania to\u017csamo\u015bci.<\/p>\n<p class=\"p6\"><b>SKARGA<\/b><\/p>\n<p class=\"p3\">Mog\u0105 Pa\u0144stwo prawo wnie\u015b\u0107 skarg\u0119 do organu nadzorczego &#8211; Prezesa Urz\u0119du Ochrony Danych Osobowych, w zwi\u0105zku z przetwarzaniem przez Teneg danych osobowych.<span class=\"s4\"><span class=\"Apple-converted-space\">\u00a0<\/span><\/span><\/p>\n<p class=\"p3\"><b>PRZEKAZYWANIE DANYCH POZA EUROPEJSKI OBSZAR GOSPODARCZY (EOG)<\/b><\/p>\n<p class=\"p3\">Obecnie nie planujemy przekazywa\u0107 Pa\u0144stwa Danych Osobowych poza Europejski Obszar Gospodarczy (obejmuj\u0105cy Uni\u0119 Europejsk\u0105, Norwegi\u0119, Liechtenstein i Islandi\u0119). W przypadku, gdy zdecydujemy o przekazaniu danych poza EOG nast\u0105pi to wy\u0142\u0105cznie w celu i zakresie dozwolonym przez przepisy prawa. Aktualna informacja o tym znajdzie si\u0119 <span class=\"s2\">na stronie \u2026\u2026. <\/span>w polityce prywatno\u015bci oraz w punkcie informacyjnym biur. <span class=\"Apple-converted-space\">\u00a0 \u00a0 \u00a0<\/span><\/p>\n","protected":false},"excerpt":{"rendered":"<p>Administratorem Pa\u0144stwa danych osobowych jest Teneg sp. z o.o. z siedzib\u0105 04-028 Warszawa, Al. Stan\u00f3w Zjednoczonych 51 Pa\u0144stwa dane pozyskali\u015bmy w zwi\u0105zku z Pa\u0144stwa korzystaniem z naszych us\u0142ug, a tak\u017ce w innych przypadkach kontaktu z Teneg [&hellip;]<\/p>\n","protected":false},"author":9,"featured_media":0,"parent":0,"menu_order":0,"comment_status":"closed","ping_status":"closed","template":"","meta":{"footnotes":""},"class_list":["post-6427","page","type-page","status-publish","hentry"],"_links":{"self":[{"href":"https:\/\/teneg.pl\/its\/wp-json\/wp\/v2\/pages\/6427","targetHints":{"allow":["GET"]}}],"collection":[{"href":"https:\/\/teneg.pl\/its\/wp-json\/wp\/v2\/pages"}],"about":[{"href":"https:\/\/teneg.pl\/its\/wp-json\/wp\/v2\/types\/page"}],"author":[{"embeddable":true,"href":"https:\/\/teneg.pl\/its\/wp-json\/wp\/v2\/users\/9"}],"replies":[{"embeddable":true,"href":"https:\/\/teneg.pl\/its\/wp-json\/wp\/v2\/comments?post=6427"}],"version-history":[{"count":1,"href":"https:\/\/teneg.pl\/its\/wp-json\/wp\/v2\/pages\/6427\/revisions"}],"predecessor-version":[{"id":6428,"href":"https:\/\/teneg.pl\/its\/wp-json\/wp\/v2\/pages\/6427\/revisions\/6428"}],"wp:attachment":[{"href":"https:\/\/teneg.pl\/its\/wp-json\/wp\/v2\/media?parent=6427"}],"curies":[{"name":"wp","href":"https:\/\/api.w.org\/{rel}","templated":true}]}}