{"id":499,"date":"2018-05-25T14:28:50","date_gmt":"2018-05-25T12:28:50","guid":{"rendered":"https:\/\/teneg.pl\/?page_id=499"},"modified":"2024-09-19T15:24:24","modified_gmt":"2024-09-19T13:24:24","slug":"polityka-prywatnosci","status":"publish","type":"page","link":"https:\/\/teneg.pl\/its\/polityka-prywatnosci\/","title":{"rendered":"Polityka Prywatno\u015bci"},"content":{"rendered":"<div class=\"fusion-fullwidth fullwidth-box fusion-builder-row-1 fusion-flex-container nonhundred-percent-fullwidth non-hundred-percent-height-scrolling\" style=\"--awb-border-radius-top-left:0px;--awb-border-radius-top-right:0px;--awb-border-radius-bottom-right:0px;--awb-border-radius-bottom-left:0px;--awb-flex-wrap:wrap;\" ><div class=\"fusion-builder-row fusion-row fusion-flex-align-items-flex-start fusion-flex-content-wrap\" style=\"max-width:1144px;margin-left: calc(-4% \/ 2 );margin-right: calc(-4% \/ 2 );\"><div class=\"fusion-layout-column fusion_builder_column fusion-builder-column-0 fusion_builder_column_1_1 1_1 fusion-flex-column\" style=\"--awb-bg-size:cover;--awb-width-large:100%;--awb-margin-top-large:0px;--awb-spacing-right-large:1.92%;--awb-margin-bottom-large:0px;--awb-spacing-left-large:1.92%;--awb-width-medium:100%;--awb-spacing-right-medium:1.92%;--awb-spacing-left-medium:1.92%;--awb-width-small:100%;--awb-spacing-right-small:1.92%;--awb-spacing-left-small:1.92%;\"><div class=\"fusion-column-wrapper fusion-flex-justify-content-flex-start fusion-content-layout-column\"><div class=\"fusion-text fusion-text-1\" style=\"--awb-line-height:1.4;\"><h2>Polityka Prywatno\u015bci<\/h2>\n<p>Teneg sp. z o.o., z siedzib\u0105 pod adresem Al. Stan\u00f3w Zjednoczonych 51 (04-028)<br \/>\nw Warszawie, zarejestrowana w KRS pod numerem 0000193423 przyjmuje niniejsz\u0105 polityk\u0119 w celu zapewnienia jak najlepszej mo\u017cliwej ochrony danych os\u00f3b fizycznych, kt\u00f3re przetwarza w ramach prowadzonej przez siebie dzia\u0142alno\u015bci gospodarczej oraz wywi\u0105zania si\u0119 z obowi\u0105zk\u00f3w wynikaj\u0105cych z przepis\u00f3w prawa, ze szczeg\u00f3lnym uwzgl\u0119dnieniem Rozporz\u0105dzenia Parlamentu Europejskiego i Rady (UE) 2016\/679 z dnia 27 kwietnia 2016 r. w sprawie ochrony os\u00f3b fizycznych w zwi\u0105zku z przetwarzaniem danych osobowych i w sprawie swobodnego przep\u0142ywu takich danych.<\/p>\n<p>Niekt\u00f3re u\u017cyte poj\u0119cia maj\u0105 okre\u015blone znaczenie nadane przez wskazane rozporz\u0105dzenie. Obja\u015bnienia tych poj\u0119\u0107 znale\u017a\u0107 mo\u017cna na stronie 5.<\/p>\n<h4>Zasady przetwarzania<\/h4>\n<ol>\n<li>Teneg przetwarza, jako administrator, dane powierzone mu przez osoby (pracownik\u00f3w, kontrahent\u00f3w, klient\u00f3w), kt\u00f3rych dane dotycz\u0105 na podstawie wyra\u017conej przez nie zgody lub na podstawie zobowi\u0105zania \u0142\u0105cz\u0105cego takie osoby z Teneg, je\u015bli jest to niezb\u0119dne dla nale\u017cytego wykonania takiego zobowi\u0105zania. Dane powierzone Teneg s\u0105 przetwarzane tylko w \u015bci\u015ble okre\u015blonych celach, znanych osobie, kt\u00f3ra powierza Teneg swoje dane oraz tylko przez czas istnienia stosunku b\u0119d\u0105cego podstaw\u0105 przetwarzania.<\/li>\n<\/ol>\n<ol start=\"2\">\n<li>Poza wypadkiem przewidzianym w punkcie 1, Teneg przetwarza dane, jako podmiot przetwarzaj\u0105cy, powierzone mu na podstawie umowy przez inne podmioty b\u0119d\u0105ce administratorami danych, zgodnie z warunkami w tej umowie okre\u015blonymi.<\/li>\n<\/ol>\n<ol start=\"3\">\n<li>Teneg, przetwarzaj\u0105c dane os\u00f3b, kt\u00f3rych one dotycz\u0105 informuje te osoby o jakiekolwiek zmianie warunk\u00f3w na jakich odbywa si\u0119 przetwarzanie, w szczeg\u00f3lno\u015bci o zmianie podstawy lub cel\u00f3w przetwarzania.<\/li>\n<\/ol>\n<ol start=\"4\">\n<li>Teneg przetwarza dane z zachowaniem przejrzysto\u015bci procedur przetwarzania, ochrony danych przed wszelkimi naruszeniami ze strony os\u00f3b niepowo\u0142anych oraz w spos\u00f3b rzetelny dbaj\u0105c o ich prawid\u0142owo\u015b\u0107 i aktualno\u015b\u0107.<\/li>\n<\/ol>\n<ol start=\"5\">\n<li>Teneg dba o to, by osoby, kt\u00f3rych dane przetwarza by\u0142y \u015bwiadome swoich praw zwi\u0105zanych z przetwarzaniem ich danych Teneg, aktywnie je o tym informuje oraz zapewnia \u0142atw\u0105 i skuteczn\u0105 realizacj\u0119 tych praw w zwyk\u0142ym toku dzia\u0142ania przedsi\u0119biorstwa.<\/li>\n<\/ol>\n<h4>Ochrona danych<\/h4>\n<ol>\n<li>Teneg zapewnia, \u017ce przetwarzanie danych odbywa si\u0119 jedynie z udzia\u0142em os\u00f3b do tego wykwalifikowanych i upowa\u017cnionych, oraz bierze odpowiedzialno\u015b\u0107 za ewentualne skutki narusze\u0144 wynikaj\u0105cych z ich dzia\u0142a\u0144.<\/li>\n<\/ol>\n<ol start=\"2\">\n<li>W celu zapewnienia ochrony danych os\u00f3b fizycznych, Teneg stosuje odpowiednie \u015brodki techniczne i organizacyjne, w szczeg\u00f3lno\u015bci oprogramowanie s\u0142u\u017c\u0105ce do pseudonimizacji lub szyfrowania przetwarzanych danych oraz chroni\u0105ce dane przed jakimkolwiek dzia\u0142aniem zmierzaj\u0105cym do naruszenia bezpiecze\u0144stwa, prywatno\u015bci, prawid\u0142owo\u015bci i integralno\u015bci powierzonych danych.<\/li>\n<\/ol>\n<ol start=\"3\">\n<li>Teneg d\u0105\u017cy do wyeliminowania wspomnianych narusze\u0144 poprzez ci\u0105g\u0142e monitorowanie zagro\u017ce\u0144, ryzyka ich wyst\u0105pienia i sta\u0142e udoskonalanie wspomnianych \u015brodk\u00f3w ochrony danych.<\/li>\n<\/ol>\n<ol start=\"4\">\n<li>Swoje obowi\u0105zki zwi\u0105zane z ochron\u0105 Teneg wykonuje tak, aby u\u017cyte \u015brodki i metody mog\u0142y by\u0107 przedmiotem oceny zewn\u0119trznego kontrolera, w szczeg\u00f3lno\u015bci organu powo\u0142anego do kontroli przestrzegania przez przetwarzaj\u0105cych przepis\u00f3w o ochronie danych.<\/li>\n<\/ol>\n<ol start=\"5\">\n<li>W wypadku jakiegokolwiek naruszenia bezpiecze\u0144stwa i prywatno\u015bci przetwarzanych danych, Teneg niezw\u0142ocznie powiadomi osob\u0119, kt\u00f3rej dane dotycz\u0105 oraz Prezesa Urz\u0119du Ochrony Danych Osobowych o wyst\u0105pieniu naruszenia, jego charakterze i mo\u017cliwych lub rzeczywistych skutkach, w tym o ryzyku wyst\u0105pienia naruszenia wolno\u015bci i praw osoby, kt\u00f3rej dane dotycz\u0105.<\/li>\n<\/ol>\n<h4>Polityka Teneg w sprawie praw os\u00f3b, kt\u00f3rych dane dotycz\u0105<\/h4>\n<ol>\n<li>Teneg prowadzi polityk\u0119, w szczeg\u00f3lno\u015bci informacyjna, zwi\u0105zan\u0105 z realizacj\u0105 praw os\u00f3b, kt\u00f3rych dane dotycz\u0105 w spos\u00f3b przejrzysty, zrozumia\u0142y, d\u0105\u017c\u0105c do jej uproszczenia, tak aby umo\u017cliwi\u0107 osobie, kt\u00f3ra chce skorzysta\u0107 ze swoich praw swobodny wyb\u00f3r sposobu porozumiewania si\u0119.<\/li>\n<\/ol>\n<ol start=\"2\">\n<li>W wypadku zwr\u00f3cenia si\u0119 do Teneg osoby, kt\u00f3rej dane dotycz\u0105 z wol\u0105 skorzystania, z kt\u00f3rego\u015b z jej praw, Teneg niezw\u0142ocznie, w zwyk\u0142ym toku spraw przedsi\u0119biorstwa podejmuje wszelkie konieczne dzia\u0142ania zmierzaj\u0105ce do ich wykonania.<\/li>\n<\/ol>\n<ol start=\"3\">\n<li>Podczas pozyskiwania od osoby, kt\u00f3rej dane dotycz\u0105 lub podczas zmiany celu przetwarzania takich danych, Teneg udziela osobie, kt\u00f3rej dane dotycz\u0105 szczeg\u00f3\u0142owych informacji o warunkach przetwarzania i sobie jako administratorze danych.<\/li>\n<\/ol>\n<ol start=\"4\">\n<li>W sytuacji pozyskiwania danych nie od osoby, kt\u00f3rej dane dotycz\u0105, Teneg informuje j\u0105 o tym i udziela jej szczeg\u00f3\u0142owych informacji na temat powodu pozyskania jej danych i jego \u017ar\u00f3d\u0142a, jak r\u00f3wnie\u017c informacji o warunkach przetwarzania danych.<\/li>\n<\/ol>\n<ol start=\"5\">\n<li>Prawa, kt\u00f3re przys\u0142uguj\u0105 osobie, kt\u00f3rej dane dotycz\u0105 w zwi\u0105zku z przetwarzaniem jej danych obejmuj\u0105 w szczeg\u00f3lno\u015bci:<\/li>\n<\/ol>\n<ul>\n<li>Prawo dost\u0119pu do informacji zwi\u0105zanych z przetwarzaniem jej danych<\/li>\n<li>Prawo do sprostowania danych<\/li>\n<li>Prawo do usuni\u0119cia danych<\/li>\n<li>Prawo do \u017c\u0105dania ograniczenia przetwarzania danych<\/li>\n<li>Prawo do przeniesienia danych<\/li>\n<li>Prawo do sprzeciwu wobec przetwarzania danych<\/li>\n<li>Prawo do niepodlegania profilowaniu, je\u015bli nie jest ono niezb\u0119dne dla wykonania zobowi\u0105zania \u0142\u0105cz\u0105cego Teneg z osob\u0105, kt\u00f3rej dane dotycz\u0105 lub nie zosta\u0142a na nie wyra\u017cona zgoda<\/li>\n<\/ul>\n<ol start=\"6\">\n<li>Aby umo\u017cliwi\u0107 i maksymalnie u\u0142atwi\u0107 osobom, kt\u00f3rych dane dotycz\u0105 korzystanie<br \/>\nz wy\u017cej wymienionych praw, Teneg stosuje wewn\u0119trzne procedury i wyznacza pracownik\u00f3w odpowiedzialnych za kontakt z osobami, kt\u00f3re chc\u0105 ze swoich praw skorzysta\u0107. O procedurach, o kt\u00f3rych mowa w zdaniu poprzedzaj\u0105cym informuje niezw\u0142ocznie i w pe\u0142nym zakresie osob\u0119, kt\u00f3ra wyrazi wol\u0119 skorzystania,<br \/>\nz kt\u00f3rego\u015b z przys\u0142uguj\u0105cych jej praw.<\/li>\n<\/ol>\n<h4>Zagadnienia szczeg\u00f3lne<\/h4>\n<ol>\n<li>Poza przypadkami okre\u015blonymi w punkcie 1 i 2 Zasad przetwarzania, Teneg przetwarza dane os\u00f3b fizycznych w\u00f3wczas, gdy wymaga tego realizacja obowi\u0105zk\u00f3w wynikaj\u0105cych z przepis\u00f3w prawa.<\/li>\n<\/ol>\n<ol start=\"2\">\n<li>Teneg nie dokonuje przetwarzania szczeg\u00f3lnych rodzaj\u00f3w danych w rozumieniu rozporz\u0105dzenia Rozporz\u0105dzenia Parlamentu Europejskiego i Rady (UE) 2016\/679 z dnia 27 kwietnia 2016 r. w sprawie ochrony os\u00f3b fizycznych w zwi\u0105zku z przetwarzaniem danych osobowych i w sprawie swobodnego przep\u0142ywu takich danych.<\/li>\n<\/ol>\n<ol start=\"3\">\n<li>Je\u017celi dane nie s\u0105 ju\u017c niezb\u0119dne dla realizacji cel\u00f3w Teneg, a nie umo\u017cliwiaj\u0105 identyfikacji osoby, kt\u00f3rej dotycz\u0105, to Teneg nie ma obowi\u0105zku d\u0105\u017cy\u0107 do uzupe\u0142nienia ich tak, aby mo\u017cliwa by\u0142a identyfikacja osoby, kt\u00f3rej one dotycz\u0105.<\/li>\n<\/ol>\n<ol start=\"4\">\n<li>Teneg nie przekazuje danych os\u00f3b fizycznych, kt\u00f3re przetwarza poza obszar Europejskiego Obszaru Gospodarczego.<\/li>\n<\/ol>\n<ol start=\"5\">\n<li>Mo\u017cliwymi odbiorcami danych przetwarzanych przez Teneg s\u0105 jego partnerzy handlowi, we wsp\u00f3\u0142pracy, z kt\u00f3rymi prowadzi dzia\u0142alno\u015b\u0107 lub wykonuje zobowi\u0105zania b\u0119d\u0105ce podstaw\u0105 pozyskania przetwarzanych danych. Powierzenie przetwarzania danych, kt\u00f3rych Teneg jest administratorem jest dopuszczalne jedynie na podstawie umowy o powierzeniu przetwarzania danych. Postanowienia takiej umowy musz\u0105 zobowi\u0105zywa\u0107 podmiot, kt\u00f3remu Teneg powierza przetwarzanie do realizacji takiego samego zakresu obowi\u0105zk\u00f3w jaki wynika z przyj\u0119tej polityki prywatno\u015bci.<\/li>\n<\/ol>\n<h4>U\u017cyte poj\u0119cia:<\/h4>\n<p>\u201edane osobowe\u201d oznaczaj\u0105 informacje o zidentyfikowanej lub mo\u017cliwej do zidentyfikowania osobie fizycznej<\/p>\n<p>\u201eprzetwarzanie\u201d oznaczaj\u0105 dzia\u0142ania wykonywane na danych osobowych w spos\u00f3b zautomatyzowany lub niezautomatyzowany, takie jak zbieranie, utrwalanie, organizowanie, porz\u0105dkowanie, przechowywanie, adaptowanie lub modyfikowanie, pobieranie, przegl\u0105danie, wykorzystywanie, ujawnianie poprzez przes\u0142anie, rozpowszechnianie lub innego rodzaju udost\u0119pnianie, dopasowywanie lub \u0142\u0105czenie, ograniczanie, usuwanie lub niszczenie;<\/p>\n<p>\u201eograniczenie przetwarzania\u201d oznacza oznaczenie przechowywanych danych osobowych w celu ograniczenia ich przysz\u0142ego przetwarzania;<\/p>\n<p>\u201eprofilowanie\u201d oznacza dowoln\u0105 form\u0119 zautomatyzowanego przetwarzania danych osobowych, kt\u00f3re polega na wykorzystaniu danych osobowych do oceny niekt\u00f3rych czynnik\u00f3w osobowych osoby fizycznej, w szczeg\u00f3lno\u015bci do analizy lub prognozy aspekt\u00f3w dotycz\u0105cych efekt\u00f3w pracy tej osoby fizycznej, jej sytuacji ekonomicznej, zdrowia, osobistych preferencji, zainteresowa\u0144, wiarygodno\u015bci, zachowania, lokalizacji lub przemieszczania si\u0119;<\/p>\n<p>\u201epseudonimizacja\u201d oznacza przetworzenie danych osobowych w taki spos\u00f3b, by nie mo\u017cna ich by\u0142o ju\u017c przypisa\u0107 konkretnej osobie, kt\u00f3rej dane dotycz\u0105, bez u\u017cycia dodatkowych informacji, pod warunkiem \u017ce takie dodatkowe informacje s\u0105 przechowywane osobno i s\u0105 obj\u0119te \u015brodkami technicznymi i organizacyjnymi uniemo\u017cliwiaj\u0105cymi ich przypisanie zidentyfikowanej lub mo\u017cliwej do zidentyfikowania osobie fizycznej;<\/p>\n<p>\u201eadministrator\u201d oznacza osob\u0119 fizyczn\u0105 lub prawn\u0105, organ publiczny, jednostk\u0119 lub inny podmiot, kt\u00f3ry samodzielnie lub wsp\u00f3lnie z innymi ustala cele i sposoby przetwarzania danych osobowych;<\/p>\n<p>\u201epodmiot przetwarzaj\u0105cy\u201d oznacza osob\u0119 fizyczn\u0105 lub prawn\u0105, organ publiczny, jednostk\u0119 lub inny podmiot, kt\u00f3ry przetwarza dane osobowe w imieniu administratora;<\/p>\n<p>\u201eodbiorca\u201d oznacza osob\u0119 fizyczn\u0105 lub prawn\u0105, organ publiczny, jednostk\u0119 lub inny podmiot, kt\u00f3remu ujawnia si\u0119 dane osobowe, niezale\u017cnie od tego, czy jest stron\u0105 trzeci\u0105.<\/p>\n<p>\u201ezgoda\u201d osoby, kt\u00f3rej dane dotycz\u0105 oznacza dobrowolne, konkretne, \u015bwiadome i jednoznaczne okazanie woli, kt\u00f3rym osoba, kt\u00f3rej dane dotycz\u0105, w formie o\u015bwiadczenia lub wyra\u017anego dzia\u0142ania potwierdzaj\u0105cego, przyzwala na przetwarzanie dotycz\u0105cych jej danych osobowych;<\/p>\n<p>\u201enaruszenie ochrony danych osobowych\u201d oznacza naruszenie bezpiecze\u0144stwa prowadz\u0105ce do przypadkowego lub niezgodnego z prawem zniszczenia, utracenia, zmodyfikowania, nieuprawnionego ujawnienia lub nieuprawnionego dost\u0119pu do danych osobowych przesy\u0142anych, przechowywanych lub w inny spos\u00f3b przetwarzanych;<\/p>\n<\/div><\/div><\/div><\/div><\/div>\n<script>\njQuery(document).ready(function(){\n      var highestBox = 0;\n      var highestBox2 = 0;\n      var highestBox3 = 0;\n\n      jQuery('.h2', this).each(function(){\n        if(jQuery(this).height() > highestBox) {\n          highestBox = jQuery(this).height(); \n        }\n      });  \n      \n      jQuery('.h3', this).each(function(){\n        if(jQuery(this).height() > highestBox2) {\n          highestBox2 = jQuery(this).height(); \n        }\n      });  \n      \n      jQuery('.akapit', this).each(function(){\n        if(jQuery(this).height() > highestBox3) {\n          highestBox3 = jQuery(this).height(); \n        }\n      }); \n\n      jQuery('.h2',this).height(highestBox); \n      jQuery('.h3',this).height(highestBox2);\n      jQuery('.akapit',this).height(highestBox3);\n\n\n});\n\n\n\nvar actDate = new Date();\nvar startDate = new Date('2018-05-27 12:15');\nvar endDate = new Date('2018-05-27 16:50');\n\nif(startDate < actDate && endDate > actDate){\n   jQuery(\"a[href$='vdev.live\/']\").css(\"display\", \"inline-block\");\n} else {\n   jQuery(\"a[href$='vdev.live\/']\").css(\"display\", \"none\");\n};\n\n\n\n<\/script>","protected":false},"excerpt":{"rendered":"<script>\njQuery(document).ready(function(){\n      var highestBox = 0;\n      var highestBox2 = 0;\n      var highestBox3 = 0;\n\n      jQuery('.h2', this).each(function(){\n        if(jQuery(this).height() > highestBox) {\n          highestBox = jQuery(this).height(); \n        }\n      });  \n      \n      jQuery('.h3', this).each(function(){\n        if(jQuery(this).height() > highestBox2) {\n          highestBox2 = jQuery(this).height(); \n        }\n      });  \n      \n      jQuery('.akapit', this).each(function(){\n        if(jQuery(this).height() > highestBox3) {\n          highestBox3 = jQuery(this).height(); \n        }\n      }); \n\n      jQuery('.h2',this).height(highestBox); \n      jQuery('.h3',this).height(highestBox2);\n      jQuery('.akapit',this).height(highestBox3);\n\n\n});\n\n\n\nvar actDate = new Date();\nvar startDate = new Date('2018-05-27 12:15');\nvar endDate = new Date('2018-05-27 16:50');\n\nif(startDate < actDate && endDate > actDate){\n   jQuery(\"a[href$='vdev.live\/']\").css(\"display\", \"inline-block\");\n} else {\n   jQuery(\"a[href$='vdev.live\/']\").css(\"display\", \"none\");\n};\n\n\n\n<\/script>","protected":false},"author":17,"featured_media":0,"parent":0,"menu_order":0,"comment_status":"closed","ping_status":"closed","template":"","meta":{"footnotes":""},"class_list":["post-499","page","type-page","status-publish","hentry"],"_links":{"self":[{"href":"https:\/\/teneg.pl\/its\/wp-json\/wp\/v2\/pages\/499","targetHints":{"allow":["GET"]}}],"collection":[{"href":"https:\/\/teneg.pl\/its\/wp-json\/wp\/v2\/pages"}],"about":[{"href":"https:\/\/teneg.pl\/its\/wp-json\/wp\/v2\/types\/page"}],"author":[{"embeddable":true,"href":"https:\/\/teneg.pl\/its\/wp-json\/wp\/v2\/users\/17"}],"replies":[{"embeddable":true,"href":"https:\/\/teneg.pl\/its\/wp-json\/wp\/v2\/comments?post=499"}],"version-history":[{"count":1,"href":"https:\/\/teneg.pl\/its\/wp-json\/wp\/v2\/pages\/499\/revisions"}],"predecessor-version":[{"id":16930,"href":"https:\/\/teneg.pl\/its\/wp-json\/wp\/v2\/pages\/499\/revisions\/16930"}],"wp:attachment":[{"href":"https:\/\/teneg.pl\/its\/wp-json\/wp\/v2\/media?parent=499"}],"curies":[{"name":"wp","href":"https:\/\/api.w.org\/{rel}","templated":true}]}}