{"id":18321,"date":"2024-10-18T01:07:27","date_gmt":"2024-10-17T23:07:27","guid":{"rendered":"https:\/\/teneg.pl\/its\/?page_id=18321"},"modified":"2025-02-06T15:01:49","modified_gmt":"2025-02-06T14:01:49","slug":"ochrona-urzadzen","status":"publish","type":"page","link":"https:\/\/teneg.pl\/its\/cyberbezpieczenstwo\/zapory-sieciowe\/ochrona-urzadzen\/","title":{"rendered":"Ochrona urz\u0105dze\u0144"},"content":{"rendered":"<p><div class=\"fusion-fullwidth fullwidth-box fusion-builder-row-1 fusion-flex-container has-pattern-background has-mask-background fusion-parallax-none nonhundred-percent-fullwidth non-hundred-percent-height-scrolling\" style=\"--awb-border-radius-top-left:0px;--awb-border-radius-top-right:0px;--awb-border-radius-bottom-right:0px;--awb-border-radius-bottom-left:0px;--awb-padding-top:0px;--awb-padding-bottom:0px;--awb-min-height:450px;--awb-min-height-medium:400px;--awb-min-height-small:350px;--awb-background-image:linear-gradient(180deg, rgba(0,0,0,0.7) 0%,rgba(0,0,0,0.7) 100%),url(https:\/\/teneg.pl\/its\/wp-content\/uploads\/sites\/2\/2024\/09\/Cyber.png);;--awb-background-size:cover;--awb-flex-wrap:wrap;\" ><div class=\"fusion-builder-row fusion-row fusion-flex-align-items-flex-start fusion-flex-content-wrap\" style=\"max-width:1144px;margin-left: calc(-4% \/ 2 );margin-right: calc(-4% \/ 2 );\"><div class=\"fusion-layout-column fusion_builder_column fusion-builder-column-0 fusion_builder_column_1_1 1_1 fusion-flex-column fusion-flex-align-self-center fusion-animated\" style=\"--awb-bg-size:cover;--awb-width-large:100%;--awb-margin-top-large:0px;--awb-spacing-right-large:1.92%;--awb-margin-bottom-large:0px;--awb-spacing-left-large:1.92%;--awb-width-medium:100%;--awb-order-medium:0;--awb-spacing-right-medium:1.92%;--awb-spacing-left-medium:1.92%;--awb-width-small:100%;--awb-order-small:0;--awb-spacing-right-small:1.92%;--awb-spacing-left-small:1.92%;\" data-animationType=\"fadeInLeft\" data-animationDuration=\"0.5\" data-animationDelay=\"0.2\" data-animationOffset=\"top-into-view\"><div class=\"fusion-column-wrapper fusion-column-has-shadow fusion-flex-justify-content-center fusion-content-layout-column\"><div class=\"fusion-title title fusion-title-1 fusion-sep-none fusion-title-text fusion-title-size-two tytul_title_bar\" style=\"--awb-text-color:var(--awb-color1);--awb-margin-top-medium:0px;--awb-font-size:36px;\"><h2 class=\"fusion-title-heading title-heading-left\" style=\"font-family:&quot;Exo 2&quot;;font-style:normal;font-weight:600;margin:0;font-size:1em;line-height:1.2;\"><h1>Zapory sieciowe<br \/>Firewall i UTM<\/h1><\/h2><\/div><div class=\"fusion-text fusion-text-1 tresc_title_bar\" style=\"--awb-content-alignment:left;--awb-font-size:22px;--awb-line-height:1.4;--awb-text-color:#ffffff;--awb-text-font-family:&quot;Lato&quot;;--awb-text-font-style:normal;--awb-text-font-weight:300;\"><p>Ochrona urz\u0105dze\u0144<\/p>\n<\/div><\/div><\/div><\/div><\/div><div class=\"fusion-fullwidth fullwidth-box fusion-builder-row-2 fusion-flex-container has-pattern-background has-mask-background nonhundred-percent-fullwidth non-hundred-percent-height-scrolling\" style=\"--awb-border-radius-top-left:0px;--awb-border-radius-top-right:0px;--awb-border-radius-bottom-right:0px;--awb-border-radius-bottom-left:0px;--awb-padding-top:80px;--awb-padding-bottom:220px;--awb-background-color:var(--awb-color2);--awb-flex-wrap:wrap;\" ><div class=\"fusion-builder-row fusion-row fusion-flex-align-items-flex-start fusion-flex-content-wrap\" style=\"max-width:1144px;margin-left: calc(-4% \/ 2 );margin-right: calc(-4% \/ 2 );\"><div class=\"fusion-layout-column fusion_builder_column fusion-builder-column-1 fusion_builder_column_1_1 1_1 fusion-flex-column fusion-flex-align-self-center fusion-animated\" style=\"--awb-bg-size:cover;--awb-width-large:100%;--awb-margin-top-large:0px;--awb-spacing-right-large:1.92%;--awb-margin-bottom-large:0px;--awb-spacing-left-large:1.92%;--awb-width-medium:100%;--awb-order-medium:0;--awb-spacing-right-medium:1.92%;--awb-spacing-left-medium:1.92%;--awb-width-small:100%;--awb-order-small:0;--awb-spacing-right-small:1.92%;--awb-spacing-left-small:1.92%;\" data-animationType=\"fadeInRight\" data-animationDuration=\"0.5\" data-animationDelay=\"0.2\" data-animationOffset=\"top-into-view\"><div class=\"fusion-column-wrapper fusion-column-has-shadow fusion-flex-justify-content-flex-start fusion-content-layout-column\"><div class=\"fusion-title title fusion-title-2 fusion-sep-none fusion-title-text fusion-title-size-three\" style=\"--awb-text-color:var(--awb-color8);--awb-font-size:30px;\"><h3 class=\"fusion-title-heading title-heading-left\" style=\"font-family:&quot;Exo 2&quot;;font-style:normal;font-weight:600;margin:0;font-size:1em;line-height:1.4;\"><h2>EPP | Endpoint Protection<\/h2><\/h3><\/div><\/div><\/div><div class=\"fusion-layout-column fusion_builder_column fusion-builder-column-2 fusion_builder_column_1_1 1_1 fusion-flex-column fusion-flex-align-self-center fusion-animated\" style=\"--awb-bg-size:cover;--awb-width-large:100%;--awb-margin-top-large:0px;--awb-spacing-right-large:1.92%;--awb-margin-bottom-large:0px;--awb-spacing-left-large:1.92%;--awb-width-medium:100%;--awb-order-medium:0;--awb-spacing-right-medium:1.92%;--awb-spacing-left-medium:1.92%;--awb-width-small:100%;--awb-order-small:0;--awb-spacing-right-small:1.92%;--awb-spacing-left-small:1.92%;\" data-animationType=\"fadeInRight\" data-animationDuration=\"0.5\" data-animationDelay=\"0.2\" data-animationOffset=\"top-into-view\"><div class=\"fusion-column-wrapper fusion-column-has-shadow fusion-flex-justify-content-flex-start fusion-content-layout-column\"><div class=\"fusion-text fusion-text-2\" style=\"--awb-font-size:18px;--awb-line-height:1.4;\"><p><b>Endpoint Protection<\/b> to rozwi\u0105zania zabezpieczaj\u0105ce <b>urz\u0105dzenia ko\u0144cowe<\/b>, takie jak komputery, smartfony czy serwery, przed zagro\u017ceniami jak <b>malware<\/b>, wirusy, <b>ransomware<\/b> i pr\u00f3by kradzie\u017cy danych. Chroni\u0105 przed atakami, minimalizuj\u0105c ryzyko infekcji i utraty danych, oraz zwi\u0119kszaj\u0105 poziom bezpiecze\u0144stwa sieci firmowej.<\/p>\n<\/div><\/div><\/div><div class=\"fusion-layout-column fusion_builder_column fusion-builder-column-3 fusion_builder_column_1_3 1_3 fusion-flex-column fusion-flex-align-self-stretch kafelek_poj kafelek_poj3 cyber_produkty fusion-animated\" style=\"--awb-z-index:30;--awb-overflow:hidden;--awb-bg-size:cover;--awb-border-radius:30px 30px 30px 30px;--awb-width-large:33.333333333333%;--awb-margin-top-large:30px;--awb-spacing-right-large:5.76%;--awb-margin-bottom-large:20px;--awb-spacing-left-large:5.76%;--awb-width-medium:33.333333333333%;--awb-order-medium:0;--awb-spacing-right-medium:5.76%;--awb-spacing-left-medium:5.76%;--awb-width-small:50%;--awb-order-small:0;--awb-spacing-right-small:3.84%;--awb-spacing-left-small:3.84%;\" data-animationType=\"fadeInDown\" data-animationDuration=\"0.5\" data-animationDelay=\"0.2\" data-animationOffset=\"top-into-view\"><div class=\"fusion-column-wrapper fusion-column-has-shadow fusion-flex-justify-content-flex-start fusion-content-layout-column\"><div class=\"fusion-text fusion-text-3\"><div class=\"dropdown\" style=\"width: 70% !important; text-align: center !important; float: left;\">\n<p>&nbsp;<\/p>\n<p><a href=\"https:\/\/teneg.pl\/its\/bezpieczenstwo\/with-secure\/\"><img decoding=\"async\" class=\"alignnone\" style=\"border-radius: 20px;\" src=\"\/its\/wp-content\/uploads\/sites\/2\/2025\/01\/111with_secure.png\" alt=\"with secure\" width=\"250\" height=\"150\"><\/a><\/p>\n<\/div>\n<\/div><\/div><\/div><div class=\"fusion-layout-column fusion_builder_column fusion-builder-column-4 fusion_builder_column_1_3 1_3 fusion-flex-column fusion-flex-align-self-stretch kafelek_poj kafelek_poj3 cyber_produkty fusion-animated\" style=\"--awb-z-index:25;--awb-overflow:hidden;--awb-bg-size:cover;--awb-border-radius:30px 30px 30px 30px;--awb-width-large:33.333333333333%;--awb-margin-top-large:30px;--awb-spacing-right-large:5.76%;--awb-margin-bottom-large:20px;--awb-spacing-left-large:5.76%;--awb-width-medium:33.333333333333%;--awb-order-medium:0;--awb-spacing-right-medium:5.76%;--awb-spacing-left-medium:5.76%;--awb-width-small:50%;--awb-order-small:0;--awb-spacing-right-small:3.84%;--awb-spacing-left-small:3.84%;\" data-animationType=\"fadeInDown\" data-animationDuration=\"0.5\" data-animationDelay=\"0.2\" data-animationOffset=\"top-into-view\"><div class=\"fusion-column-wrapper fusion-column-has-shadow fusion-flex-justify-content-flex-start fusion-content-layout-column\"><div class=\"fusion-text fusion-text-4\"><div class=\"dropdown\" style=\"width: 70% !important; text-align: center !important; float: left;\">\n<p><a href=\"https:\/\/teneg.pl\/its\/bezpieczenstwo\/webroot\/\"><br \/>\n<img decoding=\"async\" style=\"border-radius: 20px;\" src=\"\/its\/wp-content\/uploads\/sites\/2\/2025\/01\/111webroot.png\"><br \/>\n<\/a><\/p>\n<\/div>\n<\/div><\/div><\/div><div class=\"fusion-layout-column fusion_builder_column fusion-builder-column-5 fusion_builder_column_1_3 1_3 fusion-flex-column fusion-flex-align-self-stretch kafelek_poj kafelek_poj3 cyber_produkty fusion-animated\" style=\"--awb-z-index:20;--awb-overflow:hidden;--awb-bg-size:cover;--awb-border-radius:30px 30px 30px 30px;--awb-width-large:33.333333333333%;--awb-margin-top-large:30px;--awb-spacing-right-large:5.76%;--awb-margin-bottom-large:20px;--awb-spacing-left-large:5.76%;--awb-width-medium:33.333333333333%;--awb-order-medium:0;--awb-spacing-right-medium:5.76%;--awb-spacing-left-medium:5.76%;--awb-width-small:50%;--awb-order-small:0;--awb-spacing-right-small:3.84%;--awb-spacing-left-small:3.84%;\" data-animationType=\"fadeInDown\" data-animationDuration=\"0.5\" data-animationDelay=\"0.2\" data-animationOffset=\"top-into-view\"><div class=\"fusion-column-wrapper fusion-column-has-shadow fusion-flex-justify-content-flex-start fusion-content-layout-column\"><div class=\"fusion-text fusion-text-5\"><div class=\"dropdown\" style=\"width: 70% !important; text-align: center !important; float: left;\">\n<p><a href=\"https:\/\/teneg.pl\/its\/bezpieczenstwo\/blackberry\/\"><br \/>\n<img decoding=\"async\" style=\"border-radius: 20px;\" src=\"\/its\/wp-content\/uploads\/sites\/2\/2025\/01\/111blackberry.png\"><br \/>\n<\/a><\/p>\n<\/div>\n<\/div><\/div><\/div><div class=\"fusion-layout-column fusion_builder_column fusion-builder-column-6 fusion_builder_column_1_1 1_1 fusion-flex-column\" style=\"--awb-bg-size:cover;--awb-width-large:100%;--awb-margin-top-large:0px;--awb-spacing-right-large:1.92%;--awb-margin-bottom-large:20px;--awb-spacing-left-large:1.92%;--awb-width-medium:100%;--awb-order-medium:0;--awb-spacing-right-medium:1.92%;--awb-spacing-left-medium:1.92%;--awb-width-small:100%;--awb-order-small:0;--awb-spacing-right-small:1.92%;--awb-spacing-left-small:1.92%;\"><div class=\"fusion-column-wrapper fusion-column-has-shadow fusion-flex-justify-content-flex-start fusion-content-layout-column\"><div class=\"fusion-modal modal fade modal-1 kontakt_pop_up\" tabindex=\"-1\" role=\"dialog\" aria-labelledby=\"modal-heading-1\" aria-hidden=\"true\" style=\"--awb-border-color:rgba(255,255,255,0);--awb-background:#ffffff;\"><div class=\"modal-dialog modal-lg\" role=\"document\"><div class=\"modal-content fusion-modal-content\"><div class=\"modal-header\"><button class=\"close\" type=\"button\" data-dismiss=\"modal\" aria-hidden=\"true\" aria-label=\"Close\">&times;<\/button><h3 class=\"modal-title\" id=\"modal-heading-1\" data-dismiss=\"modal\" aria-hidden=\"true\"> <\/h3><\/div><div class=\"modal-body fusion-clearfix\"><div class=\"fusion-widget-area awb-widget-area-element fusion-widget-area-1 fusion-content-widget-area\" style=\"--awb-margin-top:0px;--awb-margin-right:0px;--awb-margin-bottom:0px;--awb-margin-left:0px;--awb-title-size:0px;--awb-title-color:#333333;--awb-padding:0px 0px 0px 0px;\"><div id=\"custom_html-5\" class=\"widget_text widget widget_custom_html\" style=\"border-style: solid;border-color:transparent;border-width:0px;\"><div class=\"heading\"><h4 class=\"widget-title\">Pop up kontakt<\/h4><\/div><div class=\"textwidget custom-html-widget\"><div style=\"font-size: 18px; font-family: 'Lato'; padding: 10px 5px; margin: 0 auto; font-weight: 500; width: 100%;\">\r\n<div class=\"czarny_przycisk\" style=\"text-align: center; color: #000; margin-bottom: 25px;\">\r\n\t<a style=\"color: #000; font-weight: 500;\" href=\"tel:+48733814554\"><i class=\"fa fa-mobile\" style=\"margin-right: 12px; display: inline-block;\" aria-hidden=\"true\"><\/i>733 814 554<\/a>\r\n\t<\/div>\r\n<div class=\"czarny_przycisk\" style=\"text-align: center; color: #000; margin-bottom: 25px;\">\r\n\t<a style=\"color: #000; font-weight: 500;\" href=\"&#x6d;a&#x69;&#108;&#x74;&#x6f;:&#x6b;&#111;&#x6e;&#x74;a&#x6b;&#116;&#x40;&#x74;e&#x6e;&#101;&#x67;&#x2e;p&#x6c;\"><i class=\"fa fa-at\" style=\"margin-right: 10px; color: black; font-size: 16px;\"><\/i>&#x6b;&#111;&#x6e;&#x74;&#97;&#x6b;&#x74;&#64;&#x74;&#x65;&#110;&#x65;&#x67;&#46;&#x70;&#x6c;<\/a>\r\n\t<\/div>\r\n<div class=\"czarny_przycisk\" style=\"text-align: center; color: #000;\">\r\n\t<a style=\"color: #000; font-weight: 500;\" href=\"https:\/\/teneg.pl\/its\/kontakt\/\"><i class=\"fa fa-pencil-square-o\" style=\"color: black; margin-right: 10px;\"><\/i>Formularz kontaktowy<\/a>\r\n\t<\/div>\r\n<\/div><\/div><\/div><div class=\"fusion-additional-widget-content\"><\/div><\/div><\/div><\/div><\/div><\/div><\/div><\/div><\/div><\/div><\/p>\n","protected":false},"excerpt":{"rendered":"","protected":false},"author":17,"featured_media":17424,"parent":8114,"menu_order":0,"comment_status":"closed","ping_status":"closed","template":"100-width.php","meta":{"footnotes":""},"class_list":["post-18321","page","type-page","status-publish","has-post-thumbnail","hentry"],"_links":{"self":[{"href":"https:\/\/teneg.pl\/its\/wp-json\/wp\/v2\/pages\/18321","targetHints":{"allow":["GET"]}}],"collection":[{"href":"https:\/\/teneg.pl\/its\/wp-json\/wp\/v2\/pages"}],"about":[{"href":"https:\/\/teneg.pl\/its\/wp-json\/wp\/v2\/types\/page"}],"author":[{"embeddable":true,"href":"https:\/\/teneg.pl\/its\/wp-json\/wp\/v2\/users\/17"}],"replies":[{"embeddable":true,"href":"https:\/\/teneg.pl\/its\/wp-json\/wp\/v2\/comments?post=18321"}],"version-history":[{"count":14,"href":"https:\/\/teneg.pl\/its\/wp-json\/wp\/v2\/pages\/18321\/revisions"}],"predecessor-version":[{"id":19409,"href":"https:\/\/teneg.pl\/its\/wp-json\/wp\/v2\/pages\/18321\/revisions\/19409"}],"up":[{"embeddable":true,"href":"https:\/\/teneg.pl\/its\/wp-json\/wp\/v2\/pages\/8114"}],"wp:featuredmedia":[{"embeddable":true,"href":"https:\/\/teneg.pl\/its\/wp-json\/wp\/v2\/media\/17424"}],"wp:attachment":[{"href":"https:\/\/teneg.pl\/its\/wp-json\/wp\/v2\/media?parent=18321"}],"curies":[{"name":"wp","href":"https:\/\/api.w.org\/{rel}","templated":true}]}}