{"id":12425,"date":"2024-02-01T11:25:41","date_gmt":"2024-02-01T10:25:41","guid":{"rendered":"https:\/\/teneg.pl\/?page_id=8579"},"modified":"2025-02-11T16:27:44","modified_gmt":"2025-02-11T15:27:44","slug":"pliki-do-pobrania","status":"publish","type":"page","link":"https:\/\/teneg.pl\/its\/pliki-do-pobrania\/","title":{"rendered":"Pliki do pobrania"},"content":{"rendered":"<p><div class=\"fusion-fullwidth fullwidth-box fusion-builder-row-1 fusion-flex-container has-pattern-background has-mask-background fusion-parallax-none baner_tyt nonhundred-percent-fullwidth non-hundred-percent-height-scrolling\" style=\"--awb-background-position:center bottom;--awb-border-radius-top-left:0px;--awb-border-radius-top-right:0px;--awb-border-radius-bottom-right:0px;--awb-border-radius-bottom-left:0px;--awb-padding-right:0px;--awb-padding-bottom:0px;--awb-padding-left:0px;--awb-padding-right-medium:0px;--awb-padding-left-medium:0px;--awb-min-height:450px;--awb-min-height-medium:400px;--awb-min-height-small:350px;--awb-background-image:linear-gradient(180deg, rgba(0,0,0,0.7) 0%,rgba(0,0,0,0.7) 100%),url(https:\/\/teneg.pl\/its\/wp-content\/uploads\/sites\/2\/2024\/10\/download2.png);;--awb-background-size:cover;--awb-flex-wrap:wrap;\" ><div class=\"fusion-builder-row fusion-row fusion-flex-align-items-flex-start fusion-flex-content-wrap\" style=\"max-width:1144px;margin-left: calc(-4% \/ 2 );margin-right: calc(-4% \/ 2 );\"><div class=\"fusion-layout-column fusion_builder_column fusion-builder-column-0 fusion_builder_column_1_1 1_1 fusion-flex-column fusion-flex-align-self-stretch\" style=\"--awb-bg-position:center center;--awb-bg-size:cover;--awb-width-large:100%;--awb-margin-top-large:0px;--awb-spacing-right-large:0%;--awb-margin-bottom-large:0px;--awb-spacing-left-large:0%;--awb-width-medium:100%;--awb-order-medium:0;--awb-spacing-right-medium:0%;--awb-spacing-left-medium:0%;--awb-width-small:100%;--awb-order-small:0;--awb-spacing-right-small:1.92%;--awb-spacing-left-small:1.92%;\"><div class=\"fusion-column-wrapper fusion-column-has-shadow fusion-flex-justify-content-center fusion-content-layout-column\"><div class=\"fusion-title title fusion-title-1 fusion-sep-none fusion-title-center fusion-title-text fusion-title-size-two\" style=\"--awb-text-color:#ffffff;--awb-font-size:40px;\"><h2 class=\"fusion-title-heading title-heading-center\" style=\"font-family:&quot;Exo 2&quot;;font-style:normal;font-weight:600;margin:0;font-size:1em;text-transform:uppercase;line-height:50px;\">Pobierz pliki<\/h2><\/div><\/div><\/div><\/div><\/div><div class=\"fusion-fullwidth fullwidth-box fusion-builder-row-2 fusion-flex-container has-pattern-background has-mask-background boxy_rozwiazania_klik2 nonhundred-percent-fullwidth non-hundred-percent-height-scrolling\" style=\"--awb-border-radius-top-left:0px;--awb-border-radius-top-right:0px;--awb-border-radius-bottom-right:0px;--awb-border-radius-bottom-left:0px;--awb-padding-top:80px;--awb-padding-bottom:80px;--awb-background-color:var(--awb-color2);--awb-flex-wrap:wrap;\" ><div class=\"fusion-builder-row fusion-row fusion-flex-align-items-flex-start fusion-flex-justify-content-center fusion-flex-content-wrap\" style=\"max-width:1144px;margin-left: calc(-4% \/ 2 );margin-right: calc(-4% \/ 2 );\"><div class=\"fusion-layout-column fusion_builder_column fusion-builder-column-1 fusion-flex-column fusion-no-small-visibility fusion-no-medium-visibility\" style=\"--awb-bg-size:cover;--awb-width-large:12.5%;--awb-margin-top-large:0px;--awb-spacing-right-large:15.36%;--awb-margin-bottom-large:20px;--awb-spacing-left-large:15.36%;--awb-width-medium:100%;--awb-order-medium:0;--awb-spacing-right-medium:1.92%;--awb-spacing-left-medium:1.92%;--awb-width-small:100%;--awb-order-small:0;--awb-spacing-right-small:1.92%;--awb-spacing-left-small:1.92%;\"><div class=\"fusion-column-wrapper fusion-column-has-shadow fusion-flex-justify-content-flex-start fusion-content-layout-column\"><\/div><\/div><div class=\"fusion-layout-column fusion_builder_column fusion-builder-column-2 fusion_builder_column_1_4 1_4 fusion-flex-column fusion-flex-align-self-stretch fusion-column-inner-bg-wrapper fusion-animated\" style=\"--awb-overflow:hidden;--awb-inner-bg-color:#ffffff;--awb-inner-bg-color-hover:#ffffff;--awb-inner-bg-image:linear-gradient(180deg, #ffffff 0%,#ffffff 100%);--awb-inner-bg-size:cover;--awb-border-color:#000000;--awb-border-top:0;--awb-border-right:0;--awb-border-bottom:0;--awb-border-left:0;--awb-border-style:solid;--awb-border-radius:20px 20px 20px 20px;--awb-inner-bg-border-radius:20px 20px 20px 20px;--awb-inner-bg-overflow:hidden;--awb-width-large:25%;--awb-margin-top-large:0px;--awb-spacing-right-large:7.68%;--awb-margin-bottom-large:20px;--awb-spacing-left-large:7.68%;--awb-width-medium:33.333333333333%;--awb-order-medium:0;--awb-spacing-right-medium:5.76%;--awb-spacing-left-medium:5.76%;--awb-width-small:50%;--awb-order-small:0;--awb-spacing-right-small:3.84%;--awb-spacing-left-small:3.84%;\" data-animationType=\"fadeInDown\" data-animationDuration=\"0.5\" data-animationDelay=\"0.2\" data-animationOffset=\"top-into-view\"><span class=\"fusion-column-inner-bg hover-type-none\"><a class=\"fusion-column-anchor\" href=\"\/its\/wp-content\/uploads\/sites\/2\/2024\/06\/Oswiadczenie-o-zgodnosci-Comarch-ERP-Optima-2024.0-z-Ustawa-o-rachunkowosci.pdf\"><span class=\"fusion-column-inner-bg-image\"><\/span><\/a><\/span><div class=\"fusion-column-wrapper fusion-column-has-shadow fusion-flex-justify-content-center fusion-content-layout-column\"><div class=\"fusion-text fusion-text-1 fusion-text-no-margin\" style=\"--awb-content-alignment:center;--awb-font-size:18px;--awb-text-color:#000000;--awb-margin-top:20px;--awb-margin-right:10px;--awb-margin-bottom:20px;--awb-margin-left:10px;\"><p><a style=\"color: #000;\" href=\"\/its\/wp-content\/uploads\/sites\/2\/2024\/06\/Oswiadczenie-o-zgodnosci-Comarch-ERP-Optima-2024.0-z-Ustawa-o-rachunkowosci.pdf\">O\u015bwiadczenie o zgodno\u015bci systemu Comarch ERP Optima wersja 2024.0 z Ustaw\u0105 o Rachunkowo\u015bci<br \/>\n<\/a><\/p>\n<\/div><\/div><\/div><div class=\"fusion-layout-column fusion_builder_column fusion-builder-column-3 fusion_builder_column_1_4 1_4 fusion-flex-column fusion-flex-align-self-stretch fusion-column-inner-bg-wrapper fusion-animated\" style=\"--awb-overflow:hidden;--awb-inner-bg-color:#ffffff;--awb-inner-bg-color-hover:#ffffff;--awb-inner-bg-image:linear-gradient(180deg, #ffffff 0%,#ffffff 100%);--awb-inner-bg-size:cover;--awb-border-color:#000000;--awb-border-top:0;--awb-border-right:0;--awb-border-bottom:0;--awb-border-left:0;--awb-border-style:solid;--awb-border-radius:20px 20px 20px 20px;--awb-inner-bg-border-radius:20px 20px 20px 20px;--awb-inner-bg-overflow:hidden;--awb-width-large:25%;--awb-margin-top-large:0px;--awb-spacing-right-large:7.68%;--awb-margin-bottom-large:20px;--awb-spacing-left-large:7.68%;--awb-width-medium:33.333333333333%;--awb-order-medium:0;--awb-spacing-right-medium:5.76%;--awb-spacing-left-medium:5.76%;--awb-width-small:50%;--awb-order-small:0;--awb-spacing-right-small:3.84%;--awb-spacing-left-small:3.84%;\" data-animationType=\"fadeInDown\" data-animationDuration=\"0.5\" data-animationDelay=\"0.4\" data-animationOffset=\"top-into-view\"><span class=\"fusion-column-inner-bg hover-type-none\"><a class=\"fusion-column-anchor\" href=\"https:\/\/teneg.pl\/wp-content\/uploads\/2024\/03\/Formularz-zmiany-obslugujacego-Partnera-Comarch.pdf\"><span class=\"fusion-column-inner-bg-image\"><\/span><\/a><\/span><div class=\"fusion-column-wrapper fusion-column-has-shadow fusion-flex-justify-content-center fusion-content-layout-column\"><div class=\"fusion-text fusion-text-2 fusion-text-no-margin\" style=\"--awb-content-alignment:center;--awb-font-size:18px;--awb-text-color:#000000;--awb-margin-top:30px;--awb-margin-right:10px;--awb-margin-bottom:30px;--awb-margin-left:10px;\"><p><a style=\"color: #000;\" href=\"https:\/\/teneg.pl\/wp-content\/uploads\/2024\/03\/Formularz-zmiany-obslugujacego-Partnera-Comarch.pdf\">Formularz zmiany obs\u0142uguj\u0105cego Partnera Comarch<\/a><\/p>\n<\/div><\/div><\/div><div class=\"fusion-layout-column fusion_builder_column fusion-builder-column-4 fusion_builder_column_1_4 1_4 fusion-flex-column fusion-flex-align-self-stretch fusion-column-inner-bg-wrapper fusion-animated\" style=\"--awb-overflow:hidden;--awb-inner-bg-color:#ffffff;--awb-inner-bg-color-hover:#ffffff;--awb-inner-bg-image:linear-gradient(180deg, #ffffff 0%,#ffffff 100%);--awb-inner-bg-size:cover;--awb-border-color:#000000;--awb-border-top:0;--awb-border-right:0;--awb-border-bottom:0;--awb-border-left:0;--awb-border-style:solid;--awb-border-radius:20px 20px 20px 20px;--awb-inner-bg-border-radius:20px 20px 20px 20px;--awb-inner-bg-overflow:hidden;--awb-width-large:25%;--awb-margin-top-large:0px;--awb-spacing-right-large:7.68%;--awb-margin-bottom-large:20px;--awb-spacing-left-large:7.68%;--awb-width-medium:33.333333333333%;--awb-order-medium:0;--awb-spacing-right-medium:5.76%;--awb-spacing-left-medium:5.76%;--awb-width-small:50%;--awb-order-small:0;--awb-spacing-right-small:3.84%;--awb-spacing-left-small:3.84%;\" data-animationType=\"fadeInDown\" data-animationDuration=\"0.5\" data-animationDelay=\"0.6\" data-animationOffset=\"top-into-view\"><span class=\"fusion-column-inner-bg hover-type-none\"><a class=\"fusion-column-anchor\" href=\"\/its\/wp-content\/uploads\/sites\/2\/2024\/06\/Warunki-korzystania-i-gwarancji-oprogramowania-Comarch-ERP-XL.pdf\"><span class=\"fusion-column-inner-bg-image\"><\/span><\/a><\/span><div class=\"fusion-column-wrapper fusion-column-has-shadow fusion-flex-justify-content-center fusion-content-layout-column\"><div class=\"fusion-text fusion-text-3 fusion-text-no-margin\" style=\"--awb-content-alignment:center;--awb-font-size:18px;--awb-text-color:#000000;--awb-margin-top:30px;--awb-margin-right:10px;--awb-margin-bottom:30px;--awb-margin-left:10px;\"><p><a style=\"color: #000;\" href=\"\/its\/wp-content\/uploads\/sites\/2\/2024\/06\/Warunki-korzystania-i-gwarancji-oprogramowania-Comarch-ERP-XL.pdf\">Warunki korzystania i gwarancji oprogramowania Comarch ERP XL <\/a><\/p>\n<\/div><\/div><\/div><div class=\"fusion-layout-column fusion_builder_column fusion-builder-column-5 fusion-flex-column fusion-no-small-visibility fusion-no-medium-visibility\" style=\"--awb-bg-size:cover;--awb-width-large:12.5%;--awb-margin-top-large:0px;--awb-spacing-right-large:15.36%;--awb-margin-bottom-large:20px;--awb-spacing-left-large:15.36%;--awb-width-medium:100%;--awb-order-medium:0;--awb-spacing-right-medium:1.92%;--awb-spacing-left-medium:1.92%;--awb-width-small:100%;--awb-order-small:0;--awb-spacing-right-small:1.92%;--awb-spacing-left-small:1.92%;\"><div class=\"fusion-column-wrapper fusion-column-has-shadow fusion-flex-justify-content-flex-start fusion-content-layout-column\"><\/div><\/div><div class=\"fusion-layout-column fusion_builder_column fusion-builder-column-6 fusion_builder_column_1_4 1_4 fusion-flex-column fusion-flex-align-self-stretch fusion-column-inner-bg-wrapper fusion-animated\" style=\"--awb-overflow:hidden;--awb-inner-bg-color:#ffffff;--awb-inner-bg-color-hover:#ffffff;--awb-inner-bg-image:linear-gradient(180deg, #ffffff 0%,#ffffff 100%);--awb-inner-bg-size:cover;--awb-border-color:#000000;--awb-border-top:0;--awb-border-right:0;--awb-border-bottom:0;--awb-border-left:0;--awb-border-style:solid;--awb-border-radius:20px 20px 20px 20px;--awb-inner-bg-border-radius:20px 20px 20px 20px;--awb-inner-bg-overflow:hidden;--awb-width-large:25%;--awb-margin-top-large:0px;--awb-spacing-right-large:7.68%;--awb-margin-bottom-large:20px;--awb-spacing-left-large:7.68%;--awb-width-medium:33.333333333333%;--awb-order-medium:0;--awb-spacing-right-medium:5.76%;--awb-spacing-left-medium:5.76%;--awb-width-small:50%;--awb-order-small:0;--awb-spacing-right-small:3.84%;--awb-spacing-left-small:3.84%;\" data-animationType=\"fadeInDown\" data-animationDuration=\"0.5\" data-animationDelay=\"0.3\" data-animationOffset=\"top-into-view\"><span class=\"fusion-column-inner-bg hover-type-none\"><a class=\"fusion-column-anchor\" href=\"https:\/\/www.comarch.pl\/files-pl\/file_64\/Comarch-ERP-XL.pdf?utm_source=teneg.pl_its&amp;amp;utm_medium=page&amp;amp;utm_campaign=XL_folder_PDF_download\"><span class=\"fusion-column-inner-bg-image\"><\/span><\/a><\/span><div class=\"fusion-column-wrapper fusion-column-has-shadow fusion-flex-justify-content-center fusion-content-layout-column\"><div class=\"fusion-text fusion-text-4 fusion-text-no-margin\" style=\"--awb-content-alignment:center;--awb-font-size:18px;--awb-text-color:#000000;--awb-margin-top:50px;--awb-margin-right:10px;--awb-margin-bottom:50px;--awb-margin-left:10px;\"><p><a style=\"color: #000;\" href=\"https:\/\/www.comarch.pl\/files-pl\/file_64\/Comarch-ERP-XL.pdf?utm_source=teneg.pl_its&amp;utm_medium=page&amp;utm_campaign=XL_folder_PDF_download\">Opis systemu Comarch ERP XL<\/a><\/p>\n<\/div><\/div><\/div><div class=\"fusion-layout-column fusion_builder_column fusion-builder-column-7 fusion_builder_column_1_4 1_4 fusion-flex-column fusion-flex-align-self-stretch fusion-column-inner-bg-wrapper fusion-animated\" style=\"--awb-overflow:hidden;--awb-inner-bg-color:#ffffff;--awb-inner-bg-color-hover:#ffffff;--awb-inner-bg-image:linear-gradient(180deg, #ffffff 0%,#ffffff 100%);--awb-inner-bg-size:cover;--awb-border-color:#000000;--awb-border-top:0;--awb-border-right:0;--awb-border-bottom:0;--awb-border-left:0;--awb-border-style:solid;--awb-border-radius:20px 20px 20px 20px;--awb-inner-bg-border-radius:20px 20px 20px 20px;--awb-inner-bg-overflow:hidden;--awb-width-large:25%;--awb-margin-top-large:0px;--awb-spacing-right-large:7.68%;--awb-margin-bottom-large:20px;--awb-spacing-left-large:7.68%;--awb-width-medium:33.333333333333%;--awb-order-medium:0;--awb-spacing-right-medium:5.76%;--awb-spacing-left-medium:5.76%;--awb-width-small:50%;--awb-order-small:0;--awb-spacing-right-small:3.84%;--awb-spacing-left-small:3.84%;\" data-animationType=\"fadeInDown\" data-animationDuration=\"0.5\" data-animationDelay=\"0.5\" data-animationOffset=\"top-into-view\"><span class=\"fusion-column-inner-bg hover-type-none\"><a class=\"fusion-column-anchor\" href=\"\/its\/wp-content\/uploads\/sites\/2\/2024\/06\/Opinia-o-innowacyjnosci-Comarch_ERP_XL-2024.pdf\"><span class=\"fusion-column-inner-bg-image\"><\/span><\/a><\/span><div class=\"fusion-column-wrapper fusion-column-has-shadow fusion-flex-justify-content-center fusion-content-layout-column\"><div class=\"fusion-text fusion-text-5 fusion-text-no-margin\" style=\"--awb-content-alignment:center;--awb-font-size:18px;--awb-text-color:#000000;--awb-margin-top:50px;--awb-margin-right:10px;--awb-margin-bottom:50px;--awb-margin-left:10px;\"><p><a style=\"color: #000;\" href=\"\/its\/wp-content\/uploads\/sites\/2\/2024\/06\/Opinia-o-innowacyjnosci-Comarch_ERP_XL-2024.pdf\">Opinia o innowacyjno\u015bci Comarch ERP XL<br \/>\n<\/a><\/p>\n<\/div><\/div><\/div><div class=\"fusion-layout-column fusion_builder_column fusion-builder-column-8 fusion_builder_column_1_4 1_4 fusion-flex-column fusion-flex-align-self-stretch cien_klik fusion-animated\" style=\"--awb-overflow:hidden;--awb-bg-color:#ffffff;--awb-bg-color-hover:#ffffff;--awb-bg-image:linear-gradient(180deg, #ffffff 0%,#ffffff 100%);--awb-bg-size:cover;--awb-border-color:#000000;--awb-border-top:0;--awb-border-right:0;--awb-border-bottom:0;--awb-border-left:0;--awb-border-style:solid;--awb-border-radius:20px 20px 20px 20px;--awb-width-large:25%;--awb-margin-top-large:0px;--awb-spacing-right-large:7.68%;--awb-margin-bottom-large:20px;--awb-spacing-left-large:7.68%;--awb-width-medium:33.333333333333%;--awb-order-medium:0;--awb-spacing-right-medium:5.76%;--awb-spacing-left-medium:5.76%;--awb-width-small:50%;--awb-order-small:0;--awb-spacing-right-small:3.84%;--awb-spacing-left-small:3.84%;\" data-animationType=\"fadeInDown\" data-animationDuration=\"0.5\" data-animationDelay=\"0.5\" data-animationOffset=\"top-into-view\"><div class=\"fusion-column-wrapper fusion-column-has-shadow fusion-flex-justify-content-center fusion-content-layout-column\"><div class=\"fusion-text fusion-text-6 fusion-text-no-margin\" style=\"--awb-content-alignment:center;--awb-font-size:18px;--awb-text-color:#000000;--awb-margin-top:50px;--awb-margin-right:10px;--awb-margin-bottom:50px;--awb-margin-left:10px;\"><p><a style=\"color: #000;\" href=\"#\" data-toggle=\"modal\" data-target=\".fusion-modal.demo_BIPoint\">Wersja demonstracyjna systemu BI Point &#8211; Teneg<br \/>\n<\/a><\/p>\n<\/div><\/div><\/div><div class=\"fusion-layout-column fusion_builder_column fusion-builder-column-9 fusion_builder_column_1_1 1_1 fusion-flex-column\" style=\"--awb-bg-size:cover;--awb-width-large:100%;--awb-margin-top-large:0px;--awb-spacing-right-large:1.92%;--awb-margin-bottom-large:20px;--awb-spacing-left-large:1.92%;--awb-width-medium:100%;--awb-order-medium:0;--awb-spacing-right-medium:1.92%;--awb-spacing-left-medium:1.92%;--awb-width-small:100%;--awb-order-small:0;--awb-spacing-right-small:1.92%;--awb-spacing-left-small:1.92%;\"><div class=\"fusion-column-wrapper fusion-column-has-shadow fusion-flex-justify-content-flex-start fusion-content-layout-column\"><div class=\"fusion-modal modal fade modal-1 kontakt_pop_up\" tabindex=\"-1\" role=\"dialog\" aria-labelledby=\"modal-heading-1\" aria-hidden=\"true\" style=\"--awb-border-color:rgba(255,255,255,0);--awb-background:#ffffff;\"><div class=\"modal-dialog modal-lg\" role=\"document\"><div class=\"modal-content fusion-modal-content\"><div class=\"modal-header\"><button class=\"close\" type=\"button\" data-dismiss=\"modal\" aria-hidden=\"true\" aria-label=\"Close\">&times;<\/button><h3 class=\"modal-title\" id=\"modal-heading-1\" data-dismiss=\"modal\" aria-hidden=\"true\"> <\/h3><\/div><div class=\"modal-body fusion-clearfix\"><div class=\"fusion-widget-area awb-widget-area-element fusion-widget-area-1 fusion-content-widget-area\" style=\"--awb-margin-top:0px;--awb-margin-right:0px;--awb-margin-bottom:0px;--awb-margin-left:0px;--awb-title-size:0px;--awb-title-color:#333333;--awb-padding:0px 0px 0px 0px;\"><div id=\"custom_html-5\" class=\"widget_text widget widget_custom_html\" style=\"border-style: solid;border-color:transparent;border-width:0px;\"><div class=\"heading\"><h4 class=\"widget-title\">Pop up kontakt<\/h4><\/div><div class=\"textwidget custom-html-widget\"><div style=\"font-size: 18px; font-family: 'Lato'; padding: 10px 5px; margin: 0 auto; font-weight: 500; width: 100%;\">\r\n<div class=\"czarny_przycisk\" style=\"text-align: center; color: #000; margin-bottom: 25px;\">\r\n\t<a style=\"color: #000; font-weight: 500;\" href=\"tel:+48733814554\"><i class=\"fa fa-mobile\" style=\"margin-right: 12px; display: inline-block;\" aria-hidden=\"true\"><\/i>733 814 554<\/a>\r\n\t<\/div>\r\n<div class=\"czarny_przycisk\" style=\"text-align: center; color: #000; margin-bottom: 25px;\">\r\n\t<a style=\"color: #000; font-weight: 500;\" href=\"&#x6d;&#x61;&#105;l&#x74;&#x6f;&#x3a;&#107;o&#x6e;&#x74;&#x61;&#107;t&#x40;&#x74;&#x65;&#110;e&#x67;&#x2e;&#x70;&#108;\"><i class=\"fa fa-at\" style=\"margin-right: 10px; color: black; font-size: 16px;\"><\/i>&#x6b;&#111;&#x6e;&#116;a&#x6b;&#116;&#64;&#x74;&#101;&#x6e;&#x65;g&#x2e;&#112;l<\/a>\r\n\t<\/div>\r\n<div class=\"czarny_przycisk\" style=\"text-align: center; color: #000;\">\r\n\t<a style=\"color: #000; font-weight: 500;\" href=\"https:\/\/teneg.pl\/its\/kontakt\/\"><i class=\"fa fa-pencil-square-o\" style=\"color: black; margin-right: 10px;\"><\/i>Formularz kontaktowy<\/a>\r\n\t<\/div>\r\n<\/div><\/div><\/div><div class=\"fusion-additional-widget-content\"><\/div><\/div><\/div><\/div><\/div><\/div><\/div><\/div><div class=\"fusion-layout-column fusion_builder_column fusion-builder-column-10 fusion_builder_column_1_1 1_1 fusion-flex-column fusion-animated\" style=\"--awb-bg-blend:overlay;--awb-bg-size:cover;--awb-width-large:100%;--awb-margin-top-large:0px;--awb-spacing-right-large:1.92%;--awb-margin-bottom-large:0px;--awb-spacing-left-large:1.92%;--awb-width-medium:100%;--awb-spacing-right-medium:1.92%;--awb-spacing-left-medium:1.92%;--awb-width-small:100%;--awb-spacing-right-small:1.92%;--awb-spacing-left-small:1.92%;\" data-animationType=\"fadeInDown\" data-animationDuration=\"0.5\" data-animationDelay=\"0.3\" data-animationOffset=\"top-into-view\"><div class=\"fusion-column-wrapper fusion-flex-justify-content-flex-start fusion-content-layout-column\"><div class=\"fusion-modal modal fade modal-2 demo_BIPoint\" tabindex=\"-1\" role=\"dialog\" aria-labelledby=\"modal-heading-2\" aria-hidden=\"true\" style=\"--awb-border-color:var(--awb-color6);--awb-background:#f2f2f2;\"><div class=\"modal-dialog modal-lg\" role=\"document\"><div class=\"modal-content fusion-modal-content\"><div class=\"modal-header\"><button class=\"close\" type=\"button\" data-dismiss=\"modal\" aria-hidden=\"true\" aria-label=\"Close\">&times;<\/button><h3 class=\"modal-title\" id=\"modal-heading-2\" data-dismiss=\"modal\" aria-hidden=\"true\"><div style=\"margin-top: 30px; padding: 10px 10px; color: #000; font-family: 'Exo 2'; font-weight: 600; font-size: 24px; text-align: center; border-radius: 5px;\">Je\u015bli interesuje Ci\u0119 system BI Point i chcesz zobaczy\u0107 jak dzia\u0142a w praktyce <br>- zostaw nam sw\u00f3j adres email, <br>a nasz doradca wkr\u00f3tce si\u0119 z Tob\u0105 skontaktuje\n<\/div><\/h3><\/div><div class=\"modal-body fusion-clearfix\">\n<div class=\"wpcf7 no-js\" id=\"wpcf7-f14592-o1\" lang=\"pl-PL\" dir=\"ltr\" data-wpcf7-id=\"14592\">\n<div class=\"screen-reader-response\"><p role=\"status\" aria-live=\"polite\" aria-atomic=\"true\"><\/p> <ul><\/ul><\/div>\n<form action=\"\/its\/wp-json\/wp\/v2\/pages\/12425#wpcf7-f14592-o1\" method=\"post\" class=\"wpcf7-form init\" aria-label=\"Formularz kontaktowy\" novalidate=\"novalidate\" data-status=\"init\">\n<fieldset class=\"hidden-fields-container\"><input type=\"hidden\" name=\"_wpcf7\" value=\"14592\" \/><input type=\"hidden\" name=\"_wpcf7_version\" value=\"6.1.5\" \/><input type=\"hidden\" name=\"_wpcf7_locale\" value=\"pl_PL\" \/><input type=\"hidden\" name=\"_wpcf7_unit_tag\" value=\"wpcf7-f14592-o1\" \/><input type=\"hidden\" name=\"_wpcf7_container_post\" value=\"0\" \/><input type=\"hidden\" name=\"_wpcf7_posted_data_hash\" value=\"\" \/><input type=\"hidden\" name=\"_wpcf7_recaptcha_response\" value=\"\" \/>\n<\/fieldset>\n<div class=\"wpcf7-turnstile cf-turnstile\" data-sitekey=\"0x4AAAAAABmXfn2U37MaNuKr\" data-response-field-name=\"_wpcf7_turnstile_response\"><\/div>\n\n<p style=\"color: #000; font-family:'Exo 2';\">Imi\u0119 i nazwisko *\n<\/p>\n<p><span class=\"wpcf7-form-control-wrap\" data-name=\"your-name\"><input size=\"40\" maxlength=\"400\" class=\"wpcf7-form-control wpcf7-text wpcf7-validates-as-required\" aria-required=\"true\" aria-invalid=\"false\" value=\"\" type=\"text\" name=\"your-name\" \/><\/span>\n<\/p>\n<p style=\"color: #000; font-family:'Exo 2';\">Adres email *\n<\/p>\n<p><span class=\"wpcf7-form-control-wrap\" data-name=\"your-email\"><input size=\"40\" maxlength=\"400\" class=\"wpcf7-form-control wpcf7-email wpcf7-validates-as-required wpcf7-text wpcf7-validates-as-email\" aria-required=\"true\" aria-invalid=\"false\" value=\"\" type=\"email\" name=\"your-email\" \/><\/span>\n<\/p>\n<p style=\"color: #000; font-family:'Exo 2'; margin-top: 50px;\"><input class=\"wpcf7-form-control wpcf7-submit has-spinner\" type=\"submit\" value=\"Wy\u015blij\" \/>\n<\/p><input type=\"hidden\" id=\"gr_form_nonce\" name=\"gr_form_nonce\" value=\"50c877c13a\" \/><input type=\"hidden\" name=\"_wp_http_referer\" value=\"\/its\/wp-json\/wp\/v2\/pages\/12425\" \/><div class=\"fusion-alert alert custom alert-custom fusion-alert-center wpcf7-response-output awb-alert-native-link-color alert-dismissable awb-alert-close-boxed alert-shadow\" style=\"--awb-border-size:1px;--awb-border-top-left-radius:0px;--awb-border-top-right-radius:0px;--awb-border-bottom-left-radius:0px;--awb-border-bottom-right-radius:0px;\" role=\"alert\"><div class=\"fusion-alert-content-wrapper\"><span class=\"fusion-alert-content\"><\/span><\/div><button type=\"button\" class=\"close toggle-alert\" data-dismiss=\"alert\" aria-label=\"Close\">&times;<\/button><\/div>\n<\/form>\n<\/div>\n<\/div><\/div><\/div><\/div><\/div><\/div><\/div><\/div><\/p>\n","protected":false},"excerpt":{"rendered":"","protected":false},"author":17,"featured_media":19468,"parent":0,"menu_order":0,"comment_status":"closed","ping_status":"closed","template":"100-width.php","meta":{"footnotes":""},"class_list":["post-12425","page","type-page","status-publish","has-post-thumbnail","hentry"],"_links":{"self":[{"href":"https:\/\/teneg.pl\/its\/wp-json\/wp\/v2\/pages\/12425","targetHints":{"allow":["GET"]}}],"collection":[{"href":"https:\/\/teneg.pl\/its\/wp-json\/wp\/v2\/pages"}],"about":[{"href":"https:\/\/teneg.pl\/its\/wp-json\/wp\/v2\/types\/page"}],"author":[{"embeddable":true,"href":"https:\/\/teneg.pl\/its\/wp-json\/wp\/v2\/users\/17"}],"replies":[{"embeddable":true,"href":"https:\/\/teneg.pl\/its\/wp-json\/wp\/v2\/comments?post=12425"}],"version-history":[{"count":47,"href":"https:\/\/teneg.pl\/its\/wp-json\/wp\/v2\/pages\/12425\/revisions"}],"predecessor-version":[{"id":19467,"href":"https:\/\/teneg.pl\/its\/wp-json\/wp\/v2\/pages\/12425\/revisions\/19467"}],"wp:featuredmedia":[{"embeddable":true,"href":"https:\/\/teneg.pl\/its\/wp-json\/wp\/v2\/media\/19468"}],"wp:attachment":[{"href":"https:\/\/teneg.pl\/its\/wp-json\/wp\/v2\/media?parent=12425"}],"curies":[{"name":"wp","href":"https:\/\/api.w.org\/{rel}","templated":true}]}}